{"id":873,"date":"2023-09-23T16:11:10","date_gmt":"2023-09-23T14:11:10","guid":{"rendered":"https:\/\/kettenschiff-aschaffenburg.de\/cms\/?page_id=873"},"modified":"2026-01-08T16:44:55","modified_gmt":"2026-01-08T15:44:55","slug":"ausstellung-schau","status":"publish","type":"page","link":"https:\/\/kettenschiff-aschaffenburg.de\/cms\/ausstellung-schau\/","title":{"rendered":"Ausstellung &#038; Schau"},"content":{"rendered":"<h3>&#8222;Ausstellung &amp; Schau&#8220;<\/h3>\n<p>Die Geschichte der Kettenschlepp-Schifffahrt hat f\u00fcr Aschaffenburg eine lange und eine kurze Phase: Die lange ergibt sich aus der &#8222;ein halbes Jahrhundert&#8220; dauernden Einsatzphase dieser Dampfer auf dem Main &#8211; oder eben &#8222;50 Jahre&#8220;, von 1886 (&#8222;Mainkette&#8220; von Mainz bis Aschaffenburg) \u00fcber die 8 bayrischen Schiffe von 1898 bis 1912 (neue Endstation Bamberg) und ab da bis 1936 (letzte Fahrt auf dem Main). Das waren f\u00fcr die Aschaffenburger intensive maritime Erlebnisse, schon wegen der t\u00e4glichen Pr\u00e4senz und Ger\u00e4uschkulisse der &#8222;laut br\u00fcllenden M\u00e4\u00e4kuh-Dampfpfeife&#8220;.<\/p>\n<p>Die kurze Phase soll darstellen, dass nach der Einholung der Kette aus dem Main 1938 und dem folgenden Privat-Erwerb des Schiffes die Umr\u00fcstung zur Bade- und Ruderbootstation erfolgte, aus der sp\u00e4ter dann eine Gastst\u00e4tte wurde &#8211; als Aufbau und fast ohne Sicht auf das darunter liegende Kettenschiff! Was folgte, war die Umgew\u00f6hnung bei allen Einheimischen, die unter &#8222;M\u00e4\u00e4kuh&#8220; nicht mehr das Schiff an sich, sondern nur noch die Gastst\u00e4tte mit ihrer gebogenen Form kannten &#8211; bis 2009. Da wechselte das Schiff wieder den Besitzer &#8211; und ihre &#8222;Neu-Entdeckung&#8220; mit m\u00f6glichen musealen und touristischen Nutzungen r\u00fcckte in den Focus.<\/p>\n<p>Das war die Stunde der M\u00e4\u00e4kuh-Freunde und ihres &#8222;Arbeitskreises Technikdenkmal M\u00e4\u00e4kuh&#8220; und ihrer dann folgenden Aufbauphase einer neugearteten Ausstellung. Statt einem durchgehenden Konzept entstand eine Themenschau in verschiedenen Dimensionen, schwerpunktm\u00e4\u00dfig mit 3D-Dioramen und Gro\u00dfmodellen, eingebunden in Text- und Fotow\u00e4nde &#8211; Stelen &#8211; einer Wandzeitung, wie man sie fr\u00fcher noch kannte. Das Ziel: Im voll digitalen Zeitalter mit seinen unendlichen M\u00f6glichkeiten (auch des Wegpackens) noch einmal den guten alten Modellbau herauszukramen und seine dauerhafte Pr\u00e4senz zu einem langfristig genie\u00dfbaren Erlebnis &#8211; einer langen Phase &#8211; zu machen.<\/p>\n","protected":false},"excerpt":{"rendered":"<p>&#8222;Ausstellung &amp; Schau&#8220; Die Geschichte der Kettenschlepp-Schifffahrt hat f\u00fcr Aschaffenburg eine lange und eine kurze Phase: Die lange ergibt sich aus der &#8222;ein halbes Jahrhundert&#8220; dauernden Einsatzphase dieser Dampfer auf dem Main &#8211; oder eben &#8222;50 Jahre&#8220;, von 1886 (&#8222;Mainkette&#8220; von Mainz bis Aschaffenburg) \u00fcber die 8 bayrischen Schiffe von&#8230;<\/p>\n<p class=\"continue-reading-button\"> <a class=\"continue-reading-link\" href=\"https:\/\/kettenschiff-aschaffenburg.de\/cms\/ausstellung-schau\/\">weiter lesen<i class=\"crycon-right-dir\"><\/i><\/a><\/p>\n","protected":false},"author":1,"featured_media":663,"parent":0,"menu_order":0,"comment_status":"closed","ping_status":"closed","template":"","meta":{"footnotes":""},"class_list":["post-873","page","type-page","status-publish","has-post-thumbnail","hentry"],"_links":{"self":[{"href":"https:\/\/kettenschiff-aschaffenburg.de\/cms\/wp-json\/wp\/v2\/pages\/873","targetHints":{"allow":["GET"]}}],"collection":[{"href":"https:\/\/kettenschiff-aschaffenburg.de\/cms\/wp-json\/wp\/v2\/pages"}],"about":[{"href":"https:\/\/kettenschiff-aschaffenburg.de\/cms\/wp-json\/wp\/v2\/types\/page"}],"author":[{"embeddable":true,"href":"https:\/\/kettenschiff-aschaffenburg.de\/cms\/wp-json\/wp\/v2\/users\/1"}],"replies":[{"embeddable":true,"href":"https:\/\/kettenschiff-aschaffenburg.de\/cms\/wp-json\/wp\/v2\/comments?post=873"}],"version-history":[{"count":3,"href":"https:\/\/kettenschiff-aschaffenburg.de\/cms\/wp-json\/wp\/v2\/pages\/873\/revisions"}],"predecessor-version":[{"id":895,"href":"https:\/\/kettenschiff-aschaffenburg.de\/cms\/wp-json\/wp\/v2\/pages\/873\/revisions\/895"}],"wp:featuredmedia":[{"embeddable":true,"href":"https:\/\/kettenschiff-aschaffenburg.de\/cms\/wp-json\/wp\/v2\/media\/663"}],"wp:attachment":[{"href":"https:\/\/kettenschiff-aschaffenburg.de\/cms\/wp-json\/wp\/v2\/media?parent=873"}],"curies":[{"name":"wp","href":"https:\/\/api.w.org\/{rel}","templated":true}]}}