{"id":367,"date":"2023-08-23T19:22:12","date_gmt":"2023-08-23T17:22:12","guid":{"rendered":"https:\/\/kettenschiff-aschaffenburg.de\/cms\/?page_id=367"},"modified":"2026-02-09T20:40:37","modified_gmt":"2026-02-09T19:40:37","slug":"gustav-zeuner","status":"publish","type":"page","link":"https:\/\/kettenschiff-aschaffenburg.de\/cms\/gustav-zeuner\/","title":{"rendered":"Gustav Zeuner"},"content":{"rendered":"<p><img decoding=\"async\" class=\"size-medium wp-image-189 alignleft\" src=\"https:\/\/kettenschiff-aschaffenburg.de\/wp-content\/uploads\/2023\/08\/DSCF5661.jpg\" alt=\"\" width=\"50%\" height=\"50%\" \/>Der einzige erhaltene historische Kettenschleppdampfer der Elbe. 1894 wurde die &#8222;Gustav Zeuner&#8220; als erster Kettenschleppdampfer der zweiten Generation in Dresden-\u00dcbigau gebaut und verkehrte von 1895 bis 1931 auf der Elbe. Danach wurde das Schiff au\u00dfer Dienst genommen. Bis 1960 standen wechselnde Nutzungen des Schiffk\u00f6rpers auf der Tagesordnung.<\/p>\n<p>Nach der Ber\u00e4umung und Demontage begann am 1. Juli 2006 die detailgetreue Rekonstruktion und Restauration durch die GISE mbH in Zusammenarbeit mit dem Jobcenter ARGE Magdeburg GmbH, die Ende 2010 ihren Abschluss fand.<\/p>\n<p>Seitdem pr\u00e4sentiert sich der Kettenschleppdampfer &#8222;Gustav Zeuner&#8220; als wichtiges und f\u00fcr die Elbe einzigartiges technisches Denkmal der Kettenschifffahrt. Das Schiff hat seinen Liegeplatz im Magdeburger Wissenschaftshafen und gestaltet sich zunehmend zum Besuchermagnet f\u00fcr die Magdeburger und ihre G\u00e4ste aus Nah und Fern.<\/p>\n<p style=\"text-align: right;\"><a href=\"https:\/\/www.kettendampfer-magdeburg.de\/\" target=\"_blank\" rel=\"noopener\">Zur Gustav Zeuner<\/a><\/p>\n","protected":false},"excerpt":{"rendered":"<p>Der einzige erhaltene historische Kettenschleppdampfer der Elbe. 1894 wurde die &#8222;Gustav Zeuner&#8220; als erster Kettenschleppdampfer der zweiten Generation in Dresden-\u00dcbigau gebaut und verkehrte von 1895 bis 1931 auf der Elbe. Danach wurde das Schiff au\u00dfer Dienst genommen. Bis 1960 standen wechselnde Nutzungen des Schiffk\u00f6rpers auf der Tagesordnung. Nach der Ber\u00e4umung&#8230;<\/p>\n<p class=\"continue-reading-button\"> <a class=\"continue-reading-link\" href=\"https:\/\/kettenschiff-aschaffenburg.de\/cms\/gustav-zeuner\/\">weiter lesen<i class=\"crycon-right-dir\"><\/i><\/a><\/p>\n","protected":false},"author":1,"featured_media":1264,"parent":0,"menu_order":0,"comment_status":"closed","ping_status":"closed","template":"","meta":{"footnotes":""},"class_list":["post-367","page","type-page","status-publish","has-post-thumbnail","hentry"],"_links":{"self":[{"href":"https:\/\/kettenschiff-aschaffenburg.de\/cms\/wp-json\/wp\/v2\/pages\/367","targetHints":{"allow":["GET"]}}],"collection":[{"href":"https:\/\/kettenschiff-aschaffenburg.de\/cms\/wp-json\/wp\/v2\/pages"}],"about":[{"href":"https:\/\/kettenschiff-aschaffenburg.de\/cms\/wp-json\/wp\/v2\/types\/page"}],"author":[{"embeddable":true,"href":"https:\/\/kettenschiff-aschaffenburg.de\/cms\/wp-json\/wp\/v2\/users\/1"}],"replies":[{"embeddable":true,"href":"https:\/\/kettenschiff-aschaffenburg.de\/cms\/wp-json\/wp\/v2\/comments?post=367"}],"version-history":[{"count":10,"href":"https:\/\/kettenschiff-aschaffenburg.de\/cms\/wp-json\/wp\/v2\/pages\/367\/revisions"}],"predecessor-version":[{"id":1523,"href":"https:\/\/kettenschiff-aschaffenburg.de\/cms\/wp-json\/wp\/v2\/pages\/367\/revisions\/1523"}],"wp:featuredmedia":[{"embeddable":true,"href":"https:\/\/kettenschiff-aschaffenburg.de\/cms\/wp-json\/wp\/v2\/media\/1264"}],"wp:attachment":[{"href":"https:\/\/kettenschiff-aschaffenburg.de\/cms\/wp-json\/wp\/v2\/media?parent=367"}],"curies":[{"name":"wp","href":"https:\/\/api.w.org\/{rel}","templated":true}]}}