{"id":360,"date":"2023-08-22T22:09:38","date_gmt":"2023-08-22T20:09:38","guid":{"rendered":"https:\/\/kettenschiff-aschaffenburg.de\/cms\/?page_id=360"},"modified":"2026-02-09T19:43:18","modified_gmt":"2026-02-09T18:43:18","slug":"anlieferung-der-teile","status":"publish","type":"page","link":"https:\/\/kettenschiff-aschaffenburg.de\/cms\/dioramen\/anlieferung-der-teile\/","title":{"rendered":"Anlieferung der Teile"},"content":{"rendered":"<p>Wir gehen auf das Jahr 1899 zur\u00fcck, in dem die ersten Bausatz-Teile der \u201eK.B.K.S. Nr. V(5)\u201c \u2013 unserer \u201eM\u00c4\u00c4KUH\u201c &#8212; per Bahn in Aschaffenburg eintrafen. Angeliefert auf Wagons der \u201eKgl.S\u00e4chs.Sts.Eisenbahn\u201c, wird der G\u00fcterzug in Sch\u00fcben zur Mainl\u00e4nde weitertransportiert. Am Flo\u00dfhafen ist Schluss &#8211; ab dort werden die Teile vermutlich auf dem Wasserweg zur Hilfswerft beim Theoderichs-Tor transportiert und dort montiert.<br \/>\n<div class=\"su-spacer\" style=\"height:20px\"><\/div>\n<!-- Final Tiles Grid Gallery for WordPress v3.6.13 free --><style>#ftg-11 .tile { border: 3px solid #dd0000; }#ftg-11 .tile .icon { color:#ffffff; }#ftg-11 .ftg-items .loading-bar i { background:#666; }#ftg-11 .ftg-items .loading-bar { background:#fff; }#ftg-11 .tile .icon { font-size:12px; }#ftg-11 .tile .icon { margin: -6px 0 0 -6px; }#ftg-11 .tile .caption-block .text-wrapper span.text { font-size:12px; }#ftg-11 .tile .caption-outside .text-wrapper span.text { font-size:12px; }#ftg-11 .tile .caption-block .text-wrapper span.title { font-size:14px; }#ftg-11 .tile .caption-outside .text-wrapper span.title { font-size:14px; }#ftg-11 .tile { background-color: transparent; }#ftg-11 .tile .caption-block .text-wrapper span.text { color: #ffffff; }#ftg-11 .tile .caption-block .text-wrapper span.title { color: #ffffff; }#ftg-11 .tile .caption-outside .text-wrapper span.text { color: #ffffff; }#ftg-11 .tile .caption-outside .text-wrapper span.title { color: #ffffff; }#ftg-11 .tile .ftg-social a { color: #ffffff; }#ftg-11 .tile { border-radius: 15px; }#ftg-11 .tile .caption-block { transition-duration:0.25s; }#ftg-11 .tile .tile-inner:before { background-color: #000000; }#ftg-11 .tile .tile-inner:before { background-color: rgba(0, 0, 0, 0.8); }#ftg-11 .tile:hover img {-moz-transform: -moz-rotate(0deg) -moz-scale(0) ;-webkit-transform: -webkit-rotate(0deg) -webkit-scale(0) ;-o-transform: -o-rotate(0deg) -o-scale(0) ;-ms-transform: -ms-rotate(0deg) -ms-scale(0) ;transform: rotate(0deg) scale(0) ;}#ftg-11 .tile .icon {-moz-transition: all .5s;-webkit-transition: all .5s;-o-transition: all .5s;-ms-transition: all .5s;transition: all .5s;}#ftg-11 .tile:hover .icon {-moz-transform: rotate(360deg);-webkit-transform: rotate(360deg);-o-transform: rotate(360deg);-ms-transform: rotate(360deg);transform: rotate(360deg);}<\/style><a name=\"1\"><\/a><div class=\"final-tiles-gallery  ftg-hover-enabled caption-inside  caption-none caption-middle caption-center\" id=\"ftg-11\" style=\"width: 100%\"><div class='ftg-items'><div class='loading-bar'><i><\/i><\/div><div  class='tile ftg-preload  '><a title=\"Anlieferung der Teile\" data-lightbox='ftg-11' rel='ftg-11'  class=' tile-inner  ftg-lightbox' href='https:\/\/kettenschiff-aschaffenburg.de\/wp-content\/uploads\/2024\/06\/IMG_20200506_220149-1024x768.jpg' ><img alt='Anlieferung der Teile' class='item skip-lazy' data-class='item' data-ftg-source='https:\/\/kettenschiff-aschaffenburg.de\/wp-content\/uploads\/2024\/06\/IMG_20200506_220149-1024x768.jpg' src='https:\/\/kettenschiff-aschaffenburg.de\/wp-content\/uploads\/2024\/06\/IMG_20200506_220149-1024x768.jpg' width='1024' height='768' \/><div class='caption-block'><div class='text-wrapper'><span class='title'>Anlieferung der Teile<\/span><span class='text'>Foto \u00a9 by H. Paradies<\/span><\/div><\/div><\/a><div class='ftg-social'><\/div><\/div><div  class='tile ftg-preload  '><a title=\"Anlieferung der Teile\" data-lightbox='ftg-11' rel='ftg-11'  class=' tile-inner  ftg-lightbox' href='https:\/\/kettenschiff-aschaffenburg.de\/wp-content\/uploads\/2023\/08\/DSC00046-1-1024x768.jpg' ><img alt='Anlieferung der Teile' class='item skip-lazy' data-class='item' data-ftg-source='https:\/\/kettenschiff-aschaffenburg.de\/wp-content\/uploads\/2023\/08\/DSC00046-1-1024x768.jpg' src='https:\/\/kettenschiff-aschaffenburg.de\/wp-content\/uploads\/2023\/08\/DSC00046-1-1024x768.jpg' width='1024' height='768' \/><div class='caption-block'><div class='text-wrapper'><span class='title'>Anlieferung der Teile<\/span><span class='text'>Foto &copy; by H. Paradies<\/span><\/div><\/div><\/a><div class='ftg-social'><\/div><\/div><div  class='tile ftg-preload  '><a title=\"Anlieferung der Teile\" data-lightbox='ftg-11' rel='ftg-11'  class=' tile-inner  ftg-lightbox' href='https:\/\/kettenschiff-aschaffenburg.de\/wp-content\/uploads\/2023\/08\/DSC00045-1024x768.jpg' ><img alt='Anlieferung der Teile' class='item skip-lazy' data-class='item' data-ftg-source='https:\/\/kettenschiff-aschaffenburg.de\/wp-content\/uploads\/2023\/08\/DSC00045-1024x768.jpg' src='https:\/\/kettenschiff-aschaffenburg.de\/wp-content\/uploads\/2023\/08\/DSC00045-1024x768.jpg' width='1024' height='768' \/><div class='caption-block'><div class='text-wrapper'><span class='title'>Anlieferung der Teile<\/span><span class='text'>Foto &copy; by H. Paradies<\/span><\/div><\/div><\/a><div class='ftg-social'><\/div><\/div><div  class='tile ftg-preload  '><a title=\"Anlieferung der Teile\" data-lightbox='ftg-11' rel='ftg-11'  class=' tile-inner  ftg-lightbox' href='https:\/\/kettenschiff-aschaffenburg.de\/wp-content\/uploads\/2023\/08\/DSC00044-1024x768.jpg' ><img alt='Anlieferung der Teile' class='item skip-lazy' data-class='item' data-ftg-source='https:\/\/kettenschiff-aschaffenburg.de\/wp-content\/uploads\/2023\/08\/DSC00044-1024x768.jpg' src='https:\/\/kettenschiff-aschaffenburg.de\/wp-content\/uploads\/2023\/08\/DSC00044-1024x768.jpg' width='1024' height='768' \/><div class='caption-block'><div class='text-wrapper'><span class='title'>Anlieferung der Teile<\/span><span class='text'>Foto &copy; by H. Paradies<\/span><\/div><\/div><\/a><div class='ftg-social'><\/div><\/div><div  class='tile ftg-preload  '><a title=\"Anlieferung der Teile\" data-lightbox='ftg-11' rel='ftg-11'  class=' tile-inner  ftg-lightbox' href='https:\/\/kettenschiff-aschaffenburg.de\/wp-content\/uploads\/2023\/08\/DSC00043-1024x768.jpg' ><img alt='Anlieferung der Teile' class='item skip-lazy' data-class='item' data-ftg-source='https:\/\/kettenschiff-aschaffenburg.de\/wp-content\/uploads\/2023\/08\/DSC00043-1024x768.jpg' src='https:\/\/kettenschiff-aschaffenburg.de\/wp-content\/uploads\/2023\/08\/DSC00043-1024x768.jpg' width='1024' height='768' \/><div class='caption-block'><div class='text-wrapper'><span class='title'>Anlieferung der Teile<\/span><span class='text'>Foto \u00a9 by H. Paradies<\/span><\/div><\/div><\/a><div class='ftg-social'><\/div><\/div><div  class='tile ftg-preload  '><a title=\"Anlieferung der Teile\" data-lightbox='ftg-11' rel='ftg-11'  class=' tile-inner  ftg-lightbox' href='https:\/\/kettenschiff-aschaffenburg.de\/wp-content\/uploads\/2023\/08\/DSC00042-1024x768.jpg' ><img alt='Anlieferung der Teile' class='item skip-lazy' data-class='item' data-ftg-source='https:\/\/kettenschiff-aschaffenburg.de\/wp-content\/uploads\/2023\/08\/DSC00042-1024x768.jpg' src='https:\/\/kettenschiff-aschaffenburg.de\/wp-content\/uploads\/2023\/08\/DSC00042-1024x768.jpg' width='1024' height='768' \/><div class='caption-block'><div class='text-wrapper'><span class='title'>Anlieferung der Teile<\/span><span class='text'>Foto &copy; by H. Paradies<\/span><\/div><\/div><\/a><div class='ftg-social'><\/div><\/div><div  class='tile ftg-preload  '><a title=\"Anlieferung der Teile\" data-lightbox='ftg-11' rel='ftg-11'  class=' tile-inner  ftg-lightbox' href='https:\/\/kettenschiff-aschaffenburg.de\/wp-content\/uploads\/2023\/08\/DSC00041-1024x768.jpg' ><img alt='Anlieferung der Teile' class='item skip-lazy' data-class='item' data-ftg-source='https:\/\/kettenschiff-aschaffenburg.de\/wp-content\/uploads\/2023\/08\/DSC00041-1024x768.jpg' src='https:\/\/kettenschiff-aschaffenburg.de\/wp-content\/uploads\/2023\/08\/DSC00041-1024x768.jpg' width='1024' height='768' \/><div class='caption-block'><div class='text-wrapper'><span class='title'>Anlieferung der Teile<\/span><span class='text'>Foto &copy; by H. Paradies<\/span><\/div><\/div><\/a><div class='ftg-social'><\/div><\/div><div  class='tile ftg-preload  '><a title=\"Anlieferung der Teile\" data-lightbox='ftg-11' rel='ftg-11'  class=' tile-inner  ftg-lightbox' href='https:\/\/kettenschiff-aschaffenburg.de\/wp-content\/uploads\/2023\/08\/DSC00040-1024x768.jpg' ><img alt='Anlieferung der Teile' class='item skip-lazy' data-class='item' data-ftg-source='https:\/\/kettenschiff-aschaffenburg.de\/wp-content\/uploads\/2023\/08\/DSC00040-1024x768.jpg' src='https:\/\/kettenschiff-aschaffenburg.de\/wp-content\/uploads\/2023\/08\/DSC00040-1024x768.jpg' width='1024' height='768' \/><div class='caption-block'><div class='text-wrapper'><span class='title'>Anlieferung der Teile<\/span><span class='text'>Foto &copy; by H. Paradies<\/span><\/div><\/div><\/a><div class='ftg-social'><\/div><\/div><div  class='tile ftg-preload  '><a title=\"Anlieferung der Teile\" data-lightbox='ftg-11' rel='ftg-11'  class=' tile-inner  ftg-lightbox' href='https:\/\/kettenschiff-aschaffenburg.de\/wp-content\/uploads\/2023\/08\/DSC00038-1024x768.jpg' ><img alt='Anlieferung der Teile' class='item skip-lazy' data-class='item' data-ftg-source='https:\/\/kettenschiff-aschaffenburg.de\/wp-content\/uploads\/2023\/08\/DSC00038-scaled.jpg' src='https:\/\/kettenschiff-aschaffenburg.de\/wp-content\/uploads\/2023\/08\/DSC00038-scaled.jpg' width='2560' height='1920' \/><div class='caption-block'><div class='text-wrapper'><span class='title'>Anlieferung der Teile<\/span><span class='text'>Foto &copy; by H. Paradies<\/span><\/div><\/div><\/a><div class='ftg-social'><\/div><\/div><\/div><\/div>\n","protected":false},"excerpt":{"rendered":"<p>Wir gehen auf das Jahr 1899 zur\u00fcck, in dem die ersten Bausatz-Teile der \u201eK.B.K.S. Nr. V(5)\u201c \u2013 unserer \u201eM\u00c4\u00c4KUH\u201c &#8212; per Bahn in Aschaffenburg eintrafen. Angeliefert auf Wagons der \u201eKgl.S\u00e4chs.Sts.Eisenbahn\u201c, wird der G\u00fcterzug in Sch\u00fcben zur Mainl\u00e4nde weitertransportiert. Am Flo\u00dfhafen ist Schluss &#8211; ab dort werden die Teile vermutlich auf&#8230;<\/p>\n<p class=\"continue-reading-button\"> <a class=\"continue-reading-link\" href=\"https:\/\/kettenschiff-aschaffenburg.de\/cms\/dioramen\/anlieferung-der-teile\/\">weiter lesen<i class=\"crycon-right-dir\"><\/i><\/a><\/p>\n","protected":false},"author":1,"featured_media":1010,"parent":200,"menu_order":0,"comment_status":"closed","ping_status":"closed","template":"","meta":{"footnotes":""},"class_list":["post-360","page","type-page","status-publish","has-post-thumbnail","hentry"],"_links":{"self":[{"href":"https:\/\/kettenschiff-aschaffenburg.de\/cms\/wp-json\/wp\/v2\/pages\/360","targetHints":{"allow":["GET"]}}],"collection":[{"href":"https:\/\/kettenschiff-aschaffenburg.de\/cms\/wp-json\/wp\/v2\/pages"}],"about":[{"href":"https:\/\/kettenschiff-aschaffenburg.de\/cms\/wp-json\/wp\/v2\/types\/page"}],"author":[{"embeddable":true,"href":"https:\/\/kettenschiff-aschaffenburg.de\/cms\/wp-json\/wp\/v2\/users\/1"}],"replies":[{"embeddable":true,"href":"https:\/\/kettenschiff-aschaffenburg.de\/cms\/wp-json\/wp\/v2\/comments?post=360"}],"version-history":[{"count":11,"href":"https:\/\/kettenschiff-aschaffenburg.de\/cms\/wp-json\/wp\/v2\/pages\/360\/revisions"}],"predecessor-version":[{"id":1507,"href":"https:\/\/kettenschiff-aschaffenburg.de\/cms\/wp-json\/wp\/v2\/pages\/360\/revisions\/1507"}],"up":[{"embeddable":true,"href":"https:\/\/kettenschiff-aschaffenburg.de\/cms\/wp-json\/wp\/v2\/pages\/200"}],"wp:featuredmedia":[{"embeddable":true,"href":"https:\/\/kettenschiff-aschaffenburg.de\/cms\/wp-json\/wp\/v2\/media\/1010"}],"wp:attachment":[{"href":"https:\/\/kettenschiff-aschaffenburg.de\/cms\/wp-json\/wp\/v2\/media?parent=360"}],"curies":[{"name":"wp","href":"https:\/\/api.w.org\/{rel}","templated":true}]}}