{"id":356,"date":"2023-08-22T22:07:31","date_gmt":"2023-08-22T20:07:31","guid":{"rendered":"https:\/\/kettenschiff-aschaffenburg.de\/cms\/?page_id=356"},"modified":"2026-02-09T20:00:18","modified_gmt":"2026-02-09T19:00:18","slug":"der-flosshafen-mit-schiffs-rangierbetrieb","status":"publish","type":"page","link":"https:\/\/kettenschiff-aschaffenburg.de\/cms\/dioramen\/der-flosshafen-mit-schiffs-rangierbetrieb\/","title":{"rendered":"Der Flo\u00dfhafen"},"content":{"rendered":"<p>Eigentlich kein M\u00e4\u00e4kuh-Areal \u2013 hier wurden in gro\u00dfem Stil Kohle und Holz umgeladen. Und doch ist anzunehmen, dass auch hier die frei fahrenden bayrischen Kettenschiffe immer wieder mal Rangierdienste mit antriebslosen K\u00e4hnen durchgef\u00fchrt haben. Oder sie nutzen einen der Dampfkr\u00e4ne (4 t) oder den manuellen Kran (10 t) f\u00fcr die eine oder andere Arbeit oder Reparatur.<\/p>\n<div class=\"su-spacer\" style=\"height:20px\"><\/div>\n<!-- Final Tiles Grid Gallery for WordPress v3.6.13 free --><style>#ftg-55 .tile { border: 3px solid #dd0000; }#ftg-55 .tile .icon { color:#ffffff; }#ftg-55 .ftg-items .loading-bar i { background:#666; }#ftg-55 .ftg-items .loading-bar { background:#fff; }#ftg-55 .tile .icon { font-size:12px; }#ftg-55 .tile .icon { margin: -6px 0 0 -6px; }#ftg-55 .tile .caption-block .text-wrapper span.text { font-size:12px; }#ftg-55 .tile .caption-outside .text-wrapper span.text { font-size:12px; }#ftg-55 .tile .caption-block .text-wrapper span.title { font-size:14px; }#ftg-55 .tile .caption-outside .text-wrapper span.title { font-size:14px; }#ftg-55 .tile { background-color: transparent; }#ftg-55 .tile .caption-block .text-wrapper span.text { color: #ffffff; }#ftg-55 .tile .caption-block .text-wrapper span.title { color: #ffffff; }#ftg-55 .tile .caption-outside .text-wrapper span.text { color: #ffffff; }#ftg-55 .tile .caption-outside .text-wrapper span.title { color: #ffffff; }#ftg-55 .tile .ftg-social a { color: #ffffff; }#ftg-55 .tile { border-radius: 8px; }#ftg-55 .tile .caption-block { transition-duration:0.25s; }#ftg-55 .tile .tile-inner:before { background-color: #000000; }#ftg-55 .tile .tile-inner:before { background-color: rgba(0, 0, 0, 0.8); }#ftg-55 .tile:hover img {-moz-transform: -moz-rotate(0deg) -moz-scale(0) ;-webkit-transform: -webkit-rotate(0deg) -webkit-scale(0) ;-o-transform: -o-rotate(0deg) -o-scale(0) ;-ms-transform: -ms-rotate(0deg) -ms-scale(0) ;transform: rotate(0deg) scale(0) ;}<\/style><a name=\"5\"><\/a><div class=\"final-tiles-gallery  ftg-hover-enabled caption-inside  caption-none caption-middle caption-center\" id=\"ftg-55\" style=\"width: 100%\"><div class='ftg-items'><div class='loading-bar'><i><\/i><\/div><div  class='tile ftg-preload  '><a title=\"Der Flo\u00dfhafen \u2013 mit Schiffs-Rangierbetrieb\" data-lightbox='ftg-55' rel='ftg-55'  class=' tile-inner  ftg-lightbox' href='https:\/\/kettenschiff-aschaffenburg.de\/wp-content\/uploads\/2023\/08\/DSC00656-1024x768.jpg' ><img alt='Der Flo\u00dfhafen \u2013 mit Schiffs-Rangierbetrieb' class='item skip-lazy' data-class='item' data-ftg-source='https:\/\/kettenschiff-aschaffenburg.de\/wp-content\/uploads\/2023\/08\/DSC00656-1024x768.jpg' src='https:\/\/kettenschiff-aschaffenburg.de\/wp-content\/uploads\/2023\/08\/DSC00656-1024x768.jpg' width='1024' height='768' \/><div class='caption-block'><div class='text-wrapper'><span class='title'>Der Flo\u00dfhafen \u2013 mit Schiffs-Rangierbetrieb<\/span><span class='text'>Foto \u00a9 by H. Paradies<\/span><\/div><\/div><\/a><div class='ftg-social'><\/div><\/div><\/div><\/div>\n","protected":false},"excerpt":{"rendered":"<p>Eigentlich kein M\u00e4\u00e4kuh-Areal \u2013 hier wurden in gro\u00dfem Stil Kohle und Holz umgeladen. Und doch ist anzunehmen, dass auch hier die frei fahrenden bayrischen Kettenschiffe immer wieder mal Rangierdienste mit antriebslosen K\u00e4hnen durchgef\u00fchrt haben. Oder sie nutzen einen der Dampfkr\u00e4ne (4 t) oder den manuellen Kran (10 t) f\u00fcr die&#8230;<\/p>\n<p class=\"continue-reading-button\"> <a class=\"continue-reading-link\" href=\"https:\/\/kettenschiff-aschaffenburg.de\/cms\/dioramen\/der-flosshafen-mit-schiffs-rangierbetrieb\/\">weiter lesen<i class=\"crycon-right-dir\"><\/i><\/a><\/p>\n","protected":false},"author":1,"featured_media":748,"parent":200,"menu_order":0,"comment_status":"closed","ping_status":"closed","template":"","meta":{"footnotes":""},"class_list":["post-356","page","type-page","status-publish","has-post-thumbnail","hentry"],"_links":{"self":[{"href":"https:\/\/kettenschiff-aschaffenburg.de\/cms\/wp-json\/wp\/v2\/pages\/356","targetHints":{"allow":["GET"]}}],"collection":[{"href":"https:\/\/kettenschiff-aschaffenburg.de\/cms\/wp-json\/wp\/v2\/pages"}],"about":[{"href":"https:\/\/kettenschiff-aschaffenburg.de\/cms\/wp-json\/wp\/v2\/types\/page"}],"author":[{"embeddable":true,"href":"https:\/\/kettenschiff-aschaffenburg.de\/cms\/wp-json\/wp\/v2\/users\/1"}],"replies":[{"embeddable":true,"href":"https:\/\/kettenschiff-aschaffenburg.de\/cms\/wp-json\/wp\/v2\/comments?post=356"}],"version-history":[{"count":11,"href":"https:\/\/kettenschiff-aschaffenburg.de\/cms\/wp-json\/wp\/v2\/pages\/356\/revisions"}],"predecessor-version":[{"id":1515,"href":"https:\/\/kettenschiff-aschaffenburg.de\/cms\/wp-json\/wp\/v2\/pages\/356\/revisions\/1515"}],"up":[{"embeddable":true,"href":"https:\/\/kettenschiff-aschaffenburg.de\/cms\/wp-json\/wp\/v2\/pages\/200"}],"wp:featuredmedia":[{"embeddable":true,"href":"https:\/\/kettenschiff-aschaffenburg.de\/cms\/wp-json\/wp\/v2\/media\/748"}],"wp:attachment":[{"href":"https:\/\/kettenschiff-aschaffenburg.de\/cms\/wp-json\/wp\/v2\/media?parent=356"}],"curies":[{"name":"wp","href":"https:\/\/api.w.org\/{rel}","templated":true}]}}