{"id":344,"date":"2023-08-22T22:02:01","date_gmt":"2023-08-22T20:02:01","guid":{"rendered":"https:\/\/kettenschiff-aschaffenburg.de\/cms\/?page_id=344"},"modified":"2026-02-09T19:54:38","modified_gmt":"2026-02-09T18:54:38","slug":"die-ausbesserungswerft","status":"publish","type":"page","link":"https:\/\/kettenschiff-aschaffenburg.de\/cms\/dioramen\/die-ausbesserungswerft\/","title":{"rendered":"Die Ausbesserungswerft"},"content":{"rendered":"<p>Schon bald erwiesen sich Bodenausbesserungen an den Schiffen als notwendig \u2013 es gab auf dem flachen Main immer wieder seichte Stellen mit Bodenkontakt. Ein Platz daf\u00fcr wurde etwas flussaufw\u00e4rts an der Obernauer Stra\u00dfe gefunden, mit flachem Anstieg f\u00fcr das seitw\u00e4rtige An-Land-Holen der Schiffe per Seilwinden und einem ebenen Montageplatz.<\/p>\n<p>Im Jahr 1987 machte die \u201eWeberei D\u00e4fler\u201c oberhalb der Werft den Platz frei f\u00fcr Aschaffenburgs tempor\u00e4res und ber\u00fchmtes Automuseum, das \u201eROSSO BIANCO\u201c \u2013 es \u201etronte\u201c sozusagen \u00fcber der Werftanlage.<br \/>\n<div class=\"su-spacer\" style=\"height:20px\"><\/div>\n<!-- Final Tiles Grid Gallery for WordPress v3.6.13 free --><style>#ftg-33 .tile { border: 3px solid #dd0000; }#ftg-33 .tile .icon { color:#ffffff; }#ftg-33 .ftg-items .loading-bar i { background:#666; }#ftg-33 .ftg-items .loading-bar { background:#fff; }#ftg-33 .tile .icon { font-size:12px; }#ftg-33 .tile .icon { margin: -6px 0 0 -6px; }#ftg-33 .tile .caption-block .text-wrapper span.text { font-size:12px; }#ftg-33 .tile .caption-outside .text-wrapper span.text { font-size:12px; }#ftg-33 .tile .caption-block .text-wrapper span.title { font-size:14px; }#ftg-33 .tile .caption-outside .text-wrapper span.title { font-size:14px; }#ftg-33 .tile { background-color: transparent; }#ftg-33 .tile .caption-block .text-wrapper span.text { color: #ffffff; }#ftg-33 .tile .caption-block .text-wrapper span.title { color: #ffffff; }#ftg-33 .tile .caption-outside .text-wrapper span.text { color: #ffffff; }#ftg-33 .tile .caption-outside .text-wrapper span.title { color: #ffffff; }#ftg-33 .tile .ftg-social a { color: #ffffff; }#ftg-33 .tile { border-radius: 8px; }#ftg-33 .tile .caption-block { transition-duration:0.25s; }#ftg-33 .tile .tile-inner:before { background-color: #000000; }#ftg-33 .tile .tile-inner:before { background-color: rgba(0, 0, 0, 0.8); }#ftg-33 .tile:hover img {-moz-transform: -moz-rotate(0deg) -moz-scale(0) ;-webkit-transform: -webkit-rotate(0deg) -webkit-scale(0) ;-o-transform: -o-rotate(0deg) -o-scale(0) ;-ms-transform: -ms-rotate(0deg) -ms-scale(0) ;transform: rotate(0deg) scale(0) ;}<\/style><a name=\"3\"><\/a><div class=\"final-tiles-gallery  ftg-hover-enabled caption-inside  caption-none caption-middle caption-center\" id=\"ftg-33\" style=\"width: 100%\"><div class='ftg-items'><div class='loading-bar'><i><\/i><\/div><div  class='tile ftg-preload  '><a title=\"Die Ausbesserungswerft unterhalb der Obernauer Stra\u00dfe\" data-lightbox='ftg-33' rel='ftg-33'  class=' tile-inner  ftg-lightbox' href='https:\/\/kettenschiff-aschaffenburg.de\/wp-content\/uploads\/2023\/08\/IMG_20200506_220111-1024x768.jpg' ><img alt='Die Ausbesserungswerft unterhalb der Obernauer Stra\u00dfe' class='item skip-lazy' data-class='item' data-ftg-source='https:\/\/kettenschiff-aschaffenburg.de\/wp-content\/uploads\/2023\/08\/IMG_20200506_220111-scaled.jpg' src='https:\/\/kettenschiff-aschaffenburg.de\/wp-content\/uploads\/2023\/08\/IMG_20200506_220111-scaled.jpg' width='2560' height='1920' \/><div class='caption-block'><div class='text-wrapper'><span class='title'>Die Ausbesserungswerft unterhalb der Obernauer Stra\u00dfe<\/span><span class='text'>Foto \u00a9 by H. Paradies<\/span><\/div><\/div><\/a><div class='ftg-social'><\/div><\/div><div  class='tile ftg-preload  '><a title=\"Die Ausbesserungswerft unterhalb der Obernauer Stra\u00dfe\" data-lightbox='ftg-33' rel='ftg-33'  class=' tile-inner  ftg-lightbox' href='https:\/\/kettenschiff-aschaffenburg.de\/wp-content\/uploads\/2024\/01\/Obernau_02-1024x766.jpg' ><img alt='Die Ausbesserungswerft unterhalb der Obernauer Stra\u00dfe' class='item skip-lazy' data-class='item' data-ftg-source='https:\/\/kettenschiff-aschaffenburg.de\/wp-content\/uploads\/2024\/01\/Obernau_02-scaled.jpg' src='https:\/\/kettenschiff-aschaffenburg.de\/wp-content\/uploads\/2024\/01\/Obernau_02-scaled.jpg' width='2560' height='1915' \/><div class='caption-block'><div class='text-wrapper'><span class='title'>Die Ausbesserungswerft unterhalb der Obernauer Stra\u00dfe<\/span><span class='text'>Foto \u00a9 by H. Paradies<\/span><\/div><\/div><\/a><div class='ftg-social'><\/div><\/div><div  class='tile ftg-preload  '><a title=\"Die Ausbesserungswerft unterhalb der Obernauer Stra\u00dfe\" data-lightbox='ftg-33' rel='ftg-33'  class=' tile-inner  ftg-lightbox' href='https:\/\/kettenschiff-aschaffenburg.de\/wp-content\/uploads\/2024\/01\/Obernau_00-1024x766.jpg' ><img alt='Die Ausbesserungswerft unterhalb der Obernauer Stra\u00dfe' class='item skip-lazy' data-class='item' data-ftg-source='https:\/\/kettenschiff-aschaffenburg.de\/wp-content\/uploads\/2024\/01\/Obernau_00-scaled.jpg' src='https:\/\/kettenschiff-aschaffenburg.de\/wp-content\/uploads\/2024\/01\/Obernau_00-scaled.jpg' width='2560' height='1915' \/><div class='caption-block'><div class='text-wrapper'><span class='title'>Die Ausbesserungswerft unterhalb der Obernauer Stra\u00dfe<\/span><span class='text'>Foto \u00a9 by H. Paradies<\/span><\/div><\/div><\/a><div class='ftg-social'><\/div><\/div><div  class='tile ftg-preload  '><a title=\"Die Ausbesserungswerft unterhalb der Obernauer Stra\u00dfe\" data-lightbox='ftg-33' rel='ftg-33'  class=' tile-inner  ftg-lightbox' href='https:\/\/kettenschiff-aschaffenburg.de\/wp-content\/uploads\/2024\/01\/Obernau_08-1024x766.jpg' ><img alt='Die Ausbesserungswerft unterhalb der Obernauer Stra\u00dfe' class='item skip-lazy' data-class='item' data-ftg-source='https:\/\/kettenschiff-aschaffenburg.de\/wp-content\/uploads\/2024\/01\/Obernau_08-scaled.jpg' src='https:\/\/kettenschiff-aschaffenburg.de\/wp-content\/uploads\/2024\/01\/Obernau_08-scaled.jpg' width='2560' height='1915' \/><div class='caption-block'><div class='text-wrapper'><span class='title'>Die Ausbesserungswerft unterhalb der Obernauer Stra\u00dfe<\/span><span class='text'>Foto \u00a9 by H. Paradies<\/span><\/div><\/div><\/a><div class='ftg-social'><\/div><\/div><div  class='tile ftg-preload  '><a title=\"Die Ausbesserungswerft unterhalb der Obernauer Stra\u00dfe\" data-lightbox='ftg-33' rel='ftg-33'  class=' tile-inner  ftg-lightbox' href='https:\/\/kettenschiff-aschaffenburg.de\/wp-content\/uploads\/2024\/01\/Obernau_07-1024x766.jpg' ><img alt='Die Ausbesserungswerft unterhalb der Obernauer Stra\u00dfe' class='item skip-lazy' data-class='item' data-ftg-source='https:\/\/kettenschiff-aschaffenburg.de\/wp-content\/uploads\/2024\/01\/Obernau_07-scaled.jpg' src='https:\/\/kettenschiff-aschaffenburg.de\/wp-content\/uploads\/2024\/01\/Obernau_07-scaled.jpg' width='2560' height='1915' \/><div class='caption-block'><div class='text-wrapper'><span class='title'>Die Ausbesserungswerft unterhalb der Obernauer Stra\u00dfe<\/span><span class='text'>Foto \u00a9 by H. Paradies<\/span><\/div><\/div><\/a><div class='ftg-social'><\/div><\/div><div  class='tile ftg-preload  '><a title=\"Die Ausbesserungswerft unterhalb der Obernauer Stra\u00dfe\" data-lightbox='ftg-33' rel='ftg-33'  class=' tile-inner  ftg-lightbox' href='https:\/\/kettenschiff-aschaffenburg.de\/wp-content\/uploads\/2024\/01\/Obernau_05-1024x766.jpg' ><img alt='Die Ausbesserungswerft unterhalb der Obernauer Stra\u00dfe' class='item skip-lazy' data-class='item' data-ftg-source='https:\/\/kettenschiff-aschaffenburg.de\/wp-content\/uploads\/2024\/01\/Obernau_05-scaled.jpg' src='https:\/\/kettenschiff-aschaffenburg.de\/wp-content\/uploads\/2024\/01\/Obernau_05-scaled.jpg' width='2560' height='1915' \/><div class='caption-block'><div class='text-wrapper'><span class='title'>Die Ausbesserungswerft unterhalb der Obernauer Stra\u00dfe<\/span><span class='text'>Foto \u00a9 by H. Paradies<\/span><\/div><\/div><\/a><div class='ftg-social'><\/div><\/div><div  class='tile ftg-preload  '><a title=\"Die Ausbesserungswerft unterhalb der Obernauer Stra\u00dfe\" data-lightbox='ftg-33' rel='ftg-33'  class=' tile-inner  ftg-lightbox' href='https:\/\/kettenschiff-aschaffenburg.de\/wp-content\/uploads\/2024\/01\/Obernau_03-1024x766.jpg' ><img alt='Die Ausbesserungswerft unterhalb der Obernauer Stra\u00dfe' class='item skip-lazy' data-class='item' data-ftg-source='https:\/\/kettenschiff-aschaffenburg.de\/wp-content\/uploads\/2024\/01\/Obernau_03-scaled.jpg' src='https:\/\/kettenschiff-aschaffenburg.de\/wp-content\/uploads\/2024\/01\/Obernau_03-scaled.jpg' width='2560' height='1915' \/><div class='caption-block'><div class='text-wrapper'><span class='title'>Die Ausbesserungswerft unterhalb der Obernauer Stra\u00dfe<\/span><span class='text'>Foto \u00a9 by H. Paradies<\/span><\/div><\/div><\/a><div class='ftg-social'><\/div><\/div><\/div><\/div>\n","protected":false},"excerpt":{"rendered":"<p>Schon bald erwiesen sich Bodenausbesserungen an den Schiffen als notwendig \u2013 es gab auf dem flachen Main immer wieder seichte Stellen mit Bodenkontakt. Ein Platz daf\u00fcr wurde etwas flussaufw\u00e4rts an der Obernauer Stra\u00dfe gefunden, mit flachem Anstieg f\u00fcr das seitw\u00e4rtige An-Land-Holen der Schiffe per Seilwinden und einem ebenen Montageplatz. Im&#8230;<\/p>\n<p class=\"continue-reading-button\"> <a class=\"continue-reading-link\" href=\"https:\/\/kettenschiff-aschaffenburg.de\/cms\/dioramen\/die-ausbesserungswerft\/\">weiter lesen<i class=\"crycon-right-dir\"><\/i><\/a><\/p>\n","protected":false},"author":1,"featured_media":952,"parent":200,"menu_order":0,"comment_status":"closed","ping_status":"closed","template":"","meta":{"footnotes":""},"class_list":["post-344","page","type-page","status-publish","has-post-thumbnail","hentry"],"_links":{"self":[{"href":"https:\/\/kettenschiff-aschaffenburg.de\/cms\/wp-json\/wp\/v2\/pages\/344","targetHints":{"allow":["GET"]}}],"collection":[{"href":"https:\/\/kettenschiff-aschaffenburg.de\/cms\/wp-json\/wp\/v2\/pages"}],"about":[{"href":"https:\/\/kettenschiff-aschaffenburg.de\/cms\/wp-json\/wp\/v2\/types\/page"}],"author":[{"embeddable":true,"href":"https:\/\/kettenschiff-aschaffenburg.de\/cms\/wp-json\/wp\/v2\/users\/1"}],"replies":[{"embeddable":true,"href":"https:\/\/kettenschiff-aschaffenburg.de\/cms\/wp-json\/wp\/v2\/comments?post=344"}],"version-history":[{"count":10,"href":"https:\/\/kettenschiff-aschaffenburg.de\/cms\/wp-json\/wp\/v2\/pages\/344\/revisions"}],"predecessor-version":[{"id":1511,"href":"https:\/\/kettenschiff-aschaffenburg.de\/cms\/wp-json\/wp\/v2\/pages\/344\/revisions\/1511"}],"up":[{"embeddable":true,"href":"https:\/\/kettenschiff-aschaffenburg.de\/cms\/wp-json\/wp\/v2\/pages\/200"}],"wp:featuredmedia":[{"embeddable":true,"href":"https:\/\/kettenschiff-aschaffenburg.de\/cms\/wp-json\/wp\/v2\/media\/952"}],"wp:attachment":[{"href":"https:\/\/kettenschiff-aschaffenburg.de\/cms\/wp-json\/wp\/v2\/media?parent=344"}],"curies":[{"name":"wp","href":"https:\/\/api.w.org\/{rel}","templated":true}]}}