{"id":340,"date":"2023-08-22T21:59:29","date_gmt":"2023-08-22T19:59:29","guid":{"rendered":"https:\/\/kettenschiff-aschaffenburg.de\/cms\/?page_id=340"},"modified":"2026-02-09T19:53:19","modified_gmt":"2026-02-09T18:53:19","slug":"die-montage-werft","status":"publish","type":"page","link":"https:\/\/kettenschiff-aschaffenburg.de\/cms\/dioramen\/die-montage-werft\/","title":{"rendered":"Die Herstell-Werft"},"content":{"rendered":"<p><img loading=\"lazy\" decoding=\"async\" class=\"wp-image-681 size-medium alignleft\" src=\"https:\/\/kettenschiff-aschaffenburg.de\/wp-content\/uploads\/2023\/08\/DSC00031.jpg\" alt=\"\" width=\"600\" height=\"340\" \/>Die zun\u00e4chst 5 Schiffe (ab 1910 nochmals erg\u00e4nzt um 3 weitere) werden in Form von Baus\u00e4tzen ab der Mutter-Werft in Dresden-\u00dcbigau nach Aschaffenburg geliefert und hier am Fu\u00df des Schlosses zusammengenietet und montiert. W\u00e4hrend die \u201eNr. I\u201c noch einen Solo-Standplatz bekam, wurden die \u201eNr. II\u201c und die \u201eNr. III\u201c sowie ihre beiden Nachfolger paarweise gebaut. Die Stapell\u00e4ufe erfolgten seitw\u00e4rts auf speziellen Rutschbalken. Das Werftpersonal (ca. 40-60 Mann) kam aus Dresden mit.<br \/>\n<div class=\"su-spacer\" style=\"height:20px\"><\/div>\n<!-- Final Tiles Grid Gallery for WordPress v3.6.13 free --><style>#ftg-22 .tile { border: 3px solid #dd0000; }#ftg-22 .tile .icon { color:#ffffff; }#ftg-22 .ftg-items .loading-bar i { background:#666; }#ftg-22 .ftg-items .loading-bar { background:#fff; }#ftg-22 .tile .icon { font-size:12px; }#ftg-22 .tile .icon { margin: -6px 0 0 -6px; }#ftg-22 .tile .caption-block .text-wrapper span.text { font-size:12px; }#ftg-22 .tile .caption-outside .text-wrapper span.text { font-size:12px; }#ftg-22 .tile .caption-block .text-wrapper span.title { font-size:14px; }#ftg-22 .tile .caption-outside .text-wrapper span.title { font-size:14px; }#ftg-22 .tile { background-color: transparent; }#ftg-22 .tile .caption-block .text-wrapper span.text { color: #ffffff; }#ftg-22 .tile .caption-block .text-wrapper span.title { color: #ffffff; }#ftg-22 .tile .caption-outside .text-wrapper span.text { color: #ffffff; }#ftg-22 .tile .caption-outside .text-wrapper span.title { color: #ffffff; }#ftg-22 .tile .ftg-social a { color: #ffffff; }#ftg-22 .tile { border-radius: 8px; }#ftg-22 .tile .caption-block { transition-duration:0.25s; }#ftg-22 .tile .tile-inner:before { background-color: #000000; }#ftg-22 .tile .tile-inner:before { background-color: rgba(0, 0, 0, 0.8); }#ftg-22 .tile:hover img {-moz-transform: -moz-rotate(0deg) -moz-scale(0) ;-webkit-transform: -webkit-rotate(0deg) -webkit-scale(0) ;-o-transform: -o-rotate(0deg) -o-scale(0) ;-ms-transform: -ms-rotate(0deg) -ms-scale(0) ;transform: rotate(0deg) scale(0) ;}<\/style><a name=\"2\"><\/a><div class=\"final-tiles-gallery  ftg-hover-enabled caption-inside  caption-none caption-middle caption-center\" id=\"ftg-22\" style=\"width: 100%\"><div class='ftg-items'><div class='loading-bar'><i><\/i><\/div><div  class='tile ftg-preload  '><a title=\"Die Herstell-Werft am Fr\u00fchst\u00fcckstempel\" data-lightbox='ftg-22' rel='ftg-22'  class=' tile-inner  ftg-lightbox' href='https:\/\/kettenschiff-aschaffenburg.de\/wp-content\/uploads\/2025\/03\/IMG_20250306_093242.jpg' ><img alt='Die Herstell-Werft am Fr\u00fchst\u00fcckstempel' class='item skip-lazy' data-class='item' data-ftg-source='https:\/\/kettenschiff-aschaffenburg.de\/wp-content\/uploads\/2025\/03\/IMG_20250306_093242.jpg' src='https:\/\/kettenschiff-aschaffenburg.de\/wp-content\/uploads\/2025\/03\/IMG_20250306_093242.jpg' width='1024' height='472' \/><div class='caption-block'><div class='text-wrapper'><span class='title'>Die Herstell-Werft am Fr\u00fchst\u00fcckstempel<\/span><\/div><\/div><\/a><div class='ftg-social'><\/div><\/div><div  class='tile ftg-preload  '><a title=\"Die Herstell-Werft am Fr\u00fchst\u00fcckstempel\" data-lightbox='ftg-22' rel='ftg-22'  class=' tile-inner  ftg-lightbox' href='https:\/\/kettenschiff-aschaffenburg.de\/wp-content\/uploads\/2025\/03\/IMG_20250306_093252.jpg' ><img alt='Die Herstell-Werft am Fr\u00fchst\u00fcckstempel' class='item skip-lazy' data-class='item' data-ftg-source='https:\/\/kettenschiff-aschaffenburg.de\/wp-content\/uploads\/2025\/03\/IMG_20250306_093252.jpg' src='https:\/\/kettenschiff-aschaffenburg.de\/wp-content\/uploads\/2025\/03\/IMG_20250306_093252.jpg' width='1024' height='472' \/><div class='caption-block'><div class='text-wrapper'><span class='title'>Die Herstell-Werft am Fr\u00fchst\u00fcckstempel<\/span><\/div><\/div><\/a><div class='ftg-social'><\/div><\/div><div  class='tile ftg-preload  '><a title=\"Die Herstell-Werft am Fr\u00fchst\u00fcckstempel\" data-lightbox='ftg-22' rel='ftg-22'  class=' tile-inner  ftg-lightbox' href='https:\/\/kettenschiff-aschaffenburg.de\/wp-content\/uploads\/2025\/03\/IMG_20250306_093310.jpg' ><img alt='Die Herstell-Werft am Fr\u00fchst\u00fcckstempel' class='item skip-lazy' data-class='item' data-ftg-source='https:\/\/kettenschiff-aschaffenburg.de\/wp-content\/uploads\/2025\/03\/IMG_20250306_093310.jpg' src='https:\/\/kettenschiff-aschaffenburg.de\/wp-content\/uploads\/2025\/03\/IMG_20250306_093310.jpg' width='1024' height='472' \/><div class='caption-block'><div class='text-wrapper'><span class='title'>Die Herstell-Werft am Fr\u00fchst\u00fcckstempel<\/span><\/div><\/div><\/a><div class='ftg-social'><\/div><\/div><div  class='tile ftg-preload  '><a title=\"Die Herstell-Werft am Fr\u00fchst\u00fcckstempel\" data-lightbox='ftg-22' rel='ftg-22'  class=' tile-inner  ftg-lightbox' href='https:\/\/kettenschiff-aschaffenburg.de\/wp-content\/uploads\/2025\/03\/IMG_20250306_093332.jpg' ><img alt='Die Herstell-Werft am Fr\u00fchst\u00fcckstempel' class='item skip-lazy' data-class='item' data-ftg-source='https:\/\/kettenschiff-aschaffenburg.de\/wp-content\/uploads\/2025\/03\/IMG_20250306_093332.jpg' src='https:\/\/kettenschiff-aschaffenburg.de\/wp-content\/uploads\/2025\/03\/IMG_20250306_093332.jpg' width='1024' height='472' \/><div class='caption-block'><div class='text-wrapper'><span class='title'>Die Herstell-Werft am Fr\u00fchst\u00fcckstempel<\/span><\/div><\/div><\/a><div class='ftg-social'><\/div><\/div><div  class='tile ftg-preload  '><a title=\"Die Herstell-Werft am Fr\u00fchst\u00fcckstempel\" data-lightbox='ftg-22' rel='ftg-22'  class=' tile-inner  ftg-lightbox' href='https:\/\/kettenschiff-aschaffenburg.de\/wp-content\/uploads\/2025\/03\/IMG_20250306_093503.jpg' ><img alt='Die Herstell-Werft am Fr\u00fchst\u00fcckstempel' class='item skip-lazy' data-class='item' data-ftg-source='https:\/\/kettenschiff-aschaffenburg.de\/wp-content\/uploads\/2025\/03\/IMG_20250306_093503.jpg' src='https:\/\/kettenschiff-aschaffenburg.de\/wp-content\/uploads\/2025\/03\/IMG_20250306_093503.jpg' width='1024' height='472' \/><div class='caption-block'><div class='text-wrapper'><span class='title'>Die Herstell-Werft am Fr\u00fchst\u00fcckstempel<\/span><\/div><\/div><\/a><div class='ftg-social'><\/div><\/div><div  class='tile ftg-preload  '><a title=\"Die Herstell-Werft am Fr\u00fchst\u00fcckstempel\" data-lightbox='ftg-22' rel='ftg-22'  class=' tile-inner  ftg-lightbox' href='https:\/\/kettenschiff-aschaffenburg.de\/wp-content\/uploads\/2025\/03\/IMG_20250306_093516.jpg' ><img alt='Die Herstell-Werft am Fr\u00fchst\u00fcckstempel' class='item skip-lazy' data-class='item' data-ftg-source='https:\/\/kettenschiff-aschaffenburg.de\/wp-content\/uploads\/2025\/03\/IMG_20250306_093516.jpg' src='https:\/\/kettenschiff-aschaffenburg.de\/wp-content\/uploads\/2025\/03\/IMG_20250306_093516.jpg' width='1024' height='472' \/><div class='caption-block'><div class='text-wrapper'><span class='title'>Die Herstell-Werft am Fr\u00fchst\u00fcckstempel<\/span><\/div><\/div><\/a><div class='ftg-social'><\/div><\/div><div  class='tile ftg-preload  '><a title=\"Die Herstell-Werft am Fr\u00fchst\u00fcckstempel\" data-lightbox='ftg-22' rel='ftg-22'  class=' tile-inner  ftg-lightbox' href='https:\/\/kettenschiff-aschaffenburg.de\/wp-content\/uploads\/2025\/03\/IMG_20250306_093536.jpg' ><img alt='Die Herstell-Werft am Fr\u00fchst\u00fcckstempel' class='item skip-lazy' data-class='item' data-ftg-source='https:\/\/kettenschiff-aschaffenburg.de\/wp-content\/uploads\/2025\/03\/IMG_20250306_093536.jpg' src='https:\/\/kettenschiff-aschaffenburg.de\/wp-content\/uploads\/2025\/03\/IMG_20250306_093536.jpg' width='1024' height='472' \/><div class='caption-block'><div class='text-wrapper'><span class='title'>Die Herstell-Werft am Fr\u00fchst\u00fcckstempel<\/span><\/div><\/div><\/a><div class='ftg-social'><\/div><\/div><div  class='tile ftg-preload  '><a title=\"Die Herstell-Werft am Fr\u00fchst\u00fcckstempel\" data-lightbox='ftg-22' rel='ftg-22'  class=' tile-inner  ftg-lightbox' href='https:\/\/kettenschiff-aschaffenburg.de\/wp-content\/uploads\/2025\/03\/IMG_20250306_093551.jpg' ><img alt='Die Herstell-Werft am Fr\u00fchst\u00fcckstempel' class='item skip-lazy' data-class='item' data-ftg-source='https:\/\/kettenschiff-aschaffenburg.de\/wp-content\/uploads\/2025\/03\/IMG_20250306_093551.jpg' src='https:\/\/kettenschiff-aschaffenburg.de\/wp-content\/uploads\/2025\/03\/IMG_20250306_093551.jpg' width='1024' height='472' \/><div class='caption-block'><div class='text-wrapper'><span class='title'>Die Herstell-Werft am Fr\u00fchst\u00fcckstempel<\/span><\/div><\/div><\/a><div class='ftg-social'><\/div><\/div><div  class='tile ftg-preload  '><a title=\"Die Herstell-Werft am Fr\u00fchst\u00fcckstempel\" data-lightbox='ftg-22' rel='ftg-22'  class=' tile-inner  ftg-lightbox' href='https:\/\/kettenschiff-aschaffenburg.de\/wp-content\/uploads\/2025\/03\/IMG_20250306_093604.jpg' ><img alt='Die Herstell-Werft am Fr\u00fchst\u00fcckstempel' class='item skip-lazy' data-class='item' data-ftg-source='https:\/\/kettenschiff-aschaffenburg.de\/wp-content\/uploads\/2025\/03\/IMG_20250306_093604.jpg' src='https:\/\/kettenschiff-aschaffenburg.de\/wp-content\/uploads\/2025\/03\/IMG_20250306_093604.jpg' width='1024' height='472' \/><div class='caption-block'><div class='text-wrapper'><span class='title'>Die Herstell-Werft am Fr\u00fchst\u00fcckstempel<\/span><\/div><\/div><\/a><div class='ftg-social'><\/div><\/div><div  class='tile ftg-preload  '><a title=\"Die Herstell-Werft am Fr\u00fchst\u00fcckstempel\" data-lightbox='ftg-22' rel='ftg-22'  class=' tile-inner  ftg-lightbox' href='https:\/\/kettenschiff-aschaffenburg.de\/wp-content\/uploads\/2025\/03\/IMG_20250306_093719.jpg' ><img alt='Die Herstell-Werft am Fr\u00fchst\u00fcckstempel' class='item skip-lazy' data-class='item' data-ftg-source='https:\/\/kettenschiff-aschaffenburg.de\/wp-content\/uploads\/2025\/03\/IMG_20250306_093719.jpg' src='https:\/\/kettenschiff-aschaffenburg.de\/wp-content\/uploads\/2025\/03\/IMG_20250306_093719.jpg' width='1024' height='472' \/><div class='caption-block'><div class='text-wrapper'><span class='title'>Die Herstell-Werft am Fr\u00fchst\u00fcckstempel<\/span><\/div><\/div><\/a><div class='ftg-social'><\/div><\/div><div  class='tile ftg-preload  '><a title=\"Die Herstell-Werft am Fr\u00fchst\u00fcckstempel\" data-lightbox='ftg-22' rel='ftg-22'  class=' tile-inner  ftg-lightbox' href='https:\/\/kettenschiff-aschaffenburg.de\/wp-content\/uploads\/2025\/03\/IMG_20250306_093746.jpg' ><img alt='Die Herstell-Werft am Fr\u00fchst\u00fcckstempel' class='item skip-lazy' data-class='item' data-ftg-source='https:\/\/kettenschiff-aschaffenburg.de\/wp-content\/uploads\/2025\/03\/IMG_20250306_093746.jpg' src='https:\/\/kettenschiff-aschaffenburg.de\/wp-content\/uploads\/2025\/03\/IMG_20250306_093746.jpg' width='1024' height='472' \/><div class='caption-block'><div class='text-wrapper'><span class='title'>Die Herstell-Werft am Fr\u00fchst\u00fcckstempel<\/span><\/div><\/div><\/a><div class='ftg-social'><\/div><\/div><div  class='tile ftg-preload  '><a title=\"Die Herstell-Werft am Fr\u00fchst\u00fcckstempel\" data-lightbox='ftg-22' rel='ftg-22'  class=' tile-inner  ftg-lightbox' href='https:\/\/kettenschiff-aschaffenburg.de\/wp-content\/uploads\/2025\/03\/IMG_20250306_093755.jpg' ><img alt='Die Herstell-Werft am Fr\u00fchst\u00fcckstempel' class='item skip-lazy' data-class='item' data-ftg-source='https:\/\/kettenschiff-aschaffenburg.de\/wp-content\/uploads\/2025\/03\/IMG_20250306_093755.jpg' src='https:\/\/kettenschiff-aschaffenburg.de\/wp-content\/uploads\/2025\/03\/IMG_20250306_093755.jpg' width='1024' height='472' \/><div class='caption-block'><div class='text-wrapper'><span class='title'>Die Herstell-Werft am Fr\u00fchst\u00fcckstempel<\/span><\/div><\/div><\/a><div class='ftg-social'><\/div><\/div><div  class='tile ftg-preload  '><a title=\"Die Herstell-Werft am Fr\u00fchst\u00fcckstempel\" data-lightbox='ftg-22' rel='ftg-22'  class=' tile-inner  ftg-lightbox' href='https:\/\/kettenschiff-aschaffenburg.de\/wp-content\/uploads\/2025\/03\/IMG_20250306_093912.jpg' ><img alt='Die Herstell-Werft am Fr\u00fchst\u00fcckstempel' class='item skip-lazy' data-class='item' data-ftg-source='https:\/\/kettenschiff-aschaffenburg.de\/wp-content\/uploads\/2025\/03\/IMG_20250306_093912.jpg' src='https:\/\/kettenschiff-aschaffenburg.de\/wp-content\/uploads\/2025\/03\/IMG_20250306_093912.jpg' width='1024' height='472' \/><div class='caption-block'><div class='text-wrapper'><span class='title'>Die Herstell-Werft am Fr\u00fchst\u00fcckstempel<\/span><\/div><\/div><\/a><div class='ftg-social'><\/div><\/div><div  class='tile ftg-preload  '><a title=\"Die Herstell-Werft am Fr\u00fchst\u00fcckstempel\" data-lightbox='ftg-22' rel='ftg-22'  class=' tile-inner  ftg-lightbox' href='https:\/\/kettenschiff-aschaffenburg.de\/wp-content\/uploads\/2025\/03\/IMG_20250306_0939213.jpg' ><img alt='Die Herstell-Werft am Fr\u00fchst\u00fcckstempel' class='item skip-lazy' data-class='item' data-ftg-source='https:\/\/kettenschiff-aschaffenburg.de\/wp-content\/uploads\/2025\/03\/IMG_20250306_0939213.jpg' src='https:\/\/kettenschiff-aschaffenburg.de\/wp-content\/uploads\/2025\/03\/IMG_20250306_0939213.jpg' width='1024' height='472' \/><div class='caption-block'><div class='text-wrapper'><span class='title'>Die Herstell-Werft am Fr\u00fchst\u00fcckstempel<\/span><\/div><\/div><\/a><div class='ftg-social'><\/div><\/div><div  class='tile ftg-preload  '><a title=\"Die Herstell-Werft am Fr\u00fchst\u00fcckstempel\" data-lightbox='ftg-22' rel='ftg-22'  class=' tile-inner  ftg-lightbox' href='https:\/\/kettenschiff-aschaffenburg.de\/wp-content\/uploads\/2025\/03\/IMG_20250306_093937.jpg' ><img alt='Die Herstell-Werft am Fr\u00fchst\u00fcckstempel' class='item skip-lazy' data-class='item' data-ftg-source='https:\/\/kettenschiff-aschaffenburg.de\/wp-content\/uploads\/2025\/03\/IMG_20250306_093937.jpg' src='https:\/\/kettenschiff-aschaffenburg.de\/wp-content\/uploads\/2025\/03\/IMG_20250306_093937.jpg' width='1024' height='472' \/><div class='caption-block'><div class='text-wrapper'><span class='title'>Die Herstell-Werft am Fr\u00fchst\u00fcckstempel<\/span><\/div><\/div><\/a><div class='ftg-social'><\/div><\/div><div  class='tile ftg-preload  '><a title=\"Die Herstell-Werft am Fr\u00fchst\u00fcckstempel\" data-lightbox='ftg-22' rel='ftg-22'  class=' tile-inner  ftg-lightbox' href='https:\/\/kettenschiff-aschaffenburg.de\/wp-content\/uploads\/2025\/03\/IMG_20250306_093945.jpg' ><img alt='Die Herstell-Werft am Fr\u00fchst\u00fcckstempel' class='item skip-lazy' data-class='item' data-ftg-source='https:\/\/kettenschiff-aschaffenburg.de\/wp-content\/uploads\/2025\/03\/IMG_20250306_093945.jpg' src='https:\/\/kettenschiff-aschaffenburg.de\/wp-content\/uploads\/2025\/03\/IMG_20250306_093945.jpg' width='1024' height='472' \/><div class='caption-block'><div class='text-wrapper'><span class='title'>Die Herstell-Werft am Fr\u00fchst\u00fcckstempel<\/span><\/div><\/div><\/a><div class='ftg-social'><\/div><\/div><div  class='tile ftg-preload  '><a title=\"Die Herstell-Werft am Fr\u00fchst\u00fcckstempel\" data-lightbox='ftg-22' rel='ftg-22'  class=' tile-inner  ftg-lightbox' href='https:\/\/kettenschiff-aschaffenburg.de\/wp-content\/uploads\/2025\/03\/IMG_20250306_093952.jpg' ><img alt='Die Herstell-Werft am Fr\u00fchst\u00fcckstempel' class='item skip-lazy' data-class='item' data-ftg-source='https:\/\/kettenschiff-aschaffenburg.de\/wp-content\/uploads\/2025\/03\/IMG_20250306_093952.jpg' src='https:\/\/kettenschiff-aschaffenburg.de\/wp-content\/uploads\/2025\/03\/IMG_20250306_093952.jpg' width='1024' height='472' \/><div class='caption-block'><div class='text-wrapper'><span class='title'>Die Herstell-Werft am Fr\u00fchst\u00fcckstempel<\/span><\/div><\/div><\/a><div class='ftg-social'><\/div><\/div><div  class='tile ftg-preload  '><a title=\"Die Herstell-Werft am Fr\u00fchst\u00fcckstempel\" data-lightbox='ftg-22' rel='ftg-22'  class=' tile-inner  ftg-lightbox' href='https:\/\/kettenschiff-aschaffenburg.de\/wp-content\/uploads\/2025\/03\/IMG_20250306_094012.jpg' ><img alt='Die Herstell-Werft am Fr\u00fchst\u00fcckstempel' class='item skip-lazy' data-class='item' data-ftg-source='https:\/\/kettenschiff-aschaffenburg.de\/wp-content\/uploads\/2025\/03\/IMG_20250306_094012.jpg' src='https:\/\/kettenschiff-aschaffenburg.de\/wp-content\/uploads\/2025\/03\/IMG_20250306_094012.jpg' width='1024' height='472' \/><div class='caption-block'><div class='text-wrapper'><span class='title'>Die Herstell-Werft am Fr\u00fchst\u00fcckstempel<\/span><\/div><\/div><\/a><div class='ftg-social'><\/div><\/div><\/div><\/div>\n","protected":false},"excerpt":{"rendered":"<p>Die zun\u00e4chst 5 Schiffe (ab 1910 nochmals erg\u00e4nzt um 3 weitere) werden in Form von Baus\u00e4tzen ab der Mutter-Werft in Dresden-\u00dcbigau nach Aschaffenburg geliefert und hier am Fu\u00df des Schlosses zusammengenietet und montiert. W\u00e4hrend die \u201eNr. I\u201c noch einen Solo-Standplatz bekam, wurden die \u201eNr. II\u201c und die \u201eNr. III\u201c sowie&#8230;<\/p>\n<p class=\"continue-reading-button\"> <a class=\"continue-reading-link\" href=\"https:\/\/kettenschiff-aschaffenburg.de\/cms\/dioramen\/die-montage-werft\/\">weiter lesen<i class=\"crycon-right-dir\"><\/i><\/a><\/p>\n","protected":false},"author":1,"featured_media":1141,"parent":200,"menu_order":0,"comment_status":"closed","ping_status":"closed","template":"","meta":{"footnotes":""},"class_list":["post-340","page","type-page","status-publish","has-post-thumbnail","hentry"],"_links":{"self":[{"href":"https:\/\/kettenschiff-aschaffenburg.de\/cms\/wp-json\/wp\/v2\/pages\/340","targetHints":{"allow":["GET"]}}],"collection":[{"href":"https:\/\/kettenschiff-aschaffenburg.de\/cms\/wp-json\/wp\/v2\/pages"}],"about":[{"href":"https:\/\/kettenschiff-aschaffenburg.de\/cms\/wp-json\/wp\/v2\/types\/page"}],"author":[{"embeddable":true,"href":"https:\/\/kettenschiff-aschaffenburg.de\/cms\/wp-json\/wp\/v2\/users\/1"}],"replies":[{"embeddable":true,"href":"https:\/\/kettenschiff-aschaffenburg.de\/cms\/wp-json\/wp\/v2\/comments?post=340"}],"version-history":[{"count":11,"href":"https:\/\/kettenschiff-aschaffenburg.de\/cms\/wp-json\/wp\/v2\/pages\/340\/revisions"}],"predecessor-version":[{"id":1509,"href":"https:\/\/kettenschiff-aschaffenburg.de\/cms\/wp-json\/wp\/v2\/pages\/340\/revisions\/1509"}],"up":[{"embeddable":true,"href":"https:\/\/kettenschiff-aschaffenburg.de\/cms\/wp-json\/wp\/v2\/pages\/200"}],"wp:featuredmedia":[{"embeddable":true,"href":"https:\/\/kettenschiff-aschaffenburg.de\/cms\/wp-json\/wp\/v2\/media\/1141"}],"wp:attachment":[{"href":"https:\/\/kettenschiff-aschaffenburg.de\/cms\/wp-json\/wp\/v2\/media?parent=340"}],"curies":[{"name":"wp","href":"https:\/\/api.w.org\/{rel}","templated":true}]}}