{"id":226,"date":"2023-08-20T21:34:55","date_gmt":"2023-08-20T19:34:55","guid":{"rendered":"https:\/\/kettenschiff-aschaffenburg.de\/cms\/?page_id=226"},"modified":"2023-08-22T10:45:12","modified_gmt":"2023-08-22T08:45:12","slug":"maeaekuh-passage","status":"publish","type":"page","link":"https:\/\/kettenschiff-aschaffenburg.de\/cms\/maeaekuh-passage\/","title":{"rendered":"M\u00e4\u00e4kuh-Passage"},"content":{"rendered":"[kette_box title=&#8220;Treten Sie ein in die Welt der \u201eM\u00c4\u00c4KUH\u201c&#8220; style=&#8220;&#8220; box_color=&#8220;&#8220; title_color=&#8220;&#8220; radius=&#8220;10&#8243; class=&#8220;titel&#8220; id=&#8220;&#8220;]\n<p>Kommen Sie, staunen Sie: die \u201eM\u00e4\u00e4kuh\u201c \u2013 High Tech von 1900 \u2013 in mini!<\/p>\n<p><img loading=\"lazy\" decoding=\"async\" class=\"size-medium wp-image-203 alignleft\" src=\"https:\/\/kettenschiff-aschaffenburg.de\/cms\/wp-content\/uploads\/2023\/08\/IMG_20200506_220100-300x225.jpg\" alt=\"\" width=\"300\" height=\"225\" \/>Die Sonderschau in der Aschaffenburger \u201eM\u00e4\u00e4kuh-Passage Erbsengasse 11\u201c und diese Internet-Botschaft hier haben ein klares Ziel: Beide wollen Sie anlocken und zu einem Live-Besuch verleiten.<\/p>\n<p>Der Grund daf\u00fcr, Sie vor die 7 Au\u00dfenfenster und die weiteren rund 20 Innen-Schau-Elemente zu bringen, ist, dass die 6 pr\u00e4sentierten Ausstellungsst\u00fccke, die 3D-Landschafts-Dioramen hohes handwerkliches Modellbau-Niveau darstellen und unbedingt \u201ehautnah\u201c erlebt und aufgenommen werden sollten, um ihre Wirkung auf Sie entfalten zu k\u00f6nnen.<\/p>\n<p>Schauen Sie den M\u00e4\u00e4kuh-Modellschiffen mal \u201eins Auge\u201c \u2013 in ihre faszinierenden Details \u2013 das ist die hohe Schule der Modellbaukunst! In einer Zeit, in der die fr\u00fcher in Familien so beliebte elektrische Eisenbahnanlage heute l\u00e4ngst durch Lego- und Playmobil-Bauk\u00e4sten abgel\u00f6st wurde, ist auch der natur-bezogene Modellbau mit Tunnel, Berg und M\u00fchle aus den Kinderzimmern verschwunden. Stehen hier die letzten Exemplare dieser Spezies? Zumindest die Bahn-Modellz\u00fcge im H0-Ma\u00dfstab erinnern daran \u2013 die \u201eMainl\u00e4nde-Bahn\u201c und erst die \u201eKgl.Bay.Sts.Bahn\u201c haben es verdient, bewundert zu werden! Und: Die rund 250 Stunden bis zur Fertigstellung so eines Dioramas bringen nur noch die Wenigsten auf.<\/p>\n<p><img loading=\"lazy\" decoding=\"async\" class=\"size-medium wp-image-217 alignleft\" src=\"https:\/\/kettenschiff-aschaffenburg.de\/cms\/wp-content\/uploads\/2023\/08\/DSC00949-300x225.jpg\" alt=\"\" width=\"300\" height=\"225\" \/>Ein wenig gilt das auch f\u00fcr die derzeit 4 Schiffsmodelle im Ma\u00dfstab 1:25 \u2013 was bei 50 m M\u00e4\u00e4kuh-L\u00e4nge zu 2 m-Schiffen f\u00fchrt. Hier bestimmt der Zweck der Miniaturisierung deren Anschauungs-Wert: Vom Komplett-Einblick mit \u201eReinschauen k\u00f6nnen\u201c ins Unterdeck (wie bei Puppenstuben) bis zum mechanischen Schalt-Spa\u00df, alles, was beweglich ist, auch bewegen zu k\u00f6nnen (mit Elementen aus dem Uralt-Trix-Baukasten!) ist viel Spannendes dabei. Und das realistischste Schiffsmodell ist \u2013 wenn man es aufmacht \u2013 voller RC-Elektronik: Es wird f\u00fcr Schlepp-Rekordfahrten mit fast 50 Anhang-Schiffen (und dann 32 m L\u00e4nge) ferngesteuert aufs Wasser geschickt !<\/p>\n<p>Mit den neuesten virtuellen Grafik-Darstellungen k\u00f6nnen Dioramen und Modellschiff-Originale nicht mithalten \u2013 bei Videospielen sind heute ganz andere Umsetzungsformen m\u00f6glich. Aber die bleiben nicht \u2013 ein Click, und sie sind weggeschaltet. Das sollte mit unserer Diorama-Schau nicht geschehen: Sie ist f\u00fcr ewige Pr\u00e4senz angelegt und will auch in Jahrzehnten noch Betrachter in Staunen versetzen! Au\u00dferdem bieten wir den R\u00fcckblick auf ein geschichtliches Technik-Zeitfenster um 1900, das auch historische Mini-Darstellungen verkraftet \u2013 und im Fall der echten M\u00e4\u00e4kuh auch dazu passt!<br \/>\nVideom\u00e4\u00dfig haben wir trotzdem ein paar Leckerbissen zu bieten: Die von einem Profi-Team aufgenommene Verfilmung einer F\u00fchrung durch das M\u00e4\u00e4kuh-Schwesterschiff \u201eGustav Zeuner\u201c in Magdeburg mit beweglichen Maschinen \u2013 sowie ein paar schwarz-wei\u00df Filme aus der aktiven Kettenschlepp-Zeit.<\/p>\n<p>Genie\u00dfen Sie die musealen Originalst\u00fccke und deren Originalit\u00e4t \u2013 das w\u00fcrden wir vom M\u00c4\u00c4KUH-Team uns w\u00fcnschen!<\/p>\n[\/kette_box]\n","protected":false},"excerpt":{"rendered":"<p>[kette_box title=&#8220;Treten Sie ein in die Welt der \u201eM\u00c4\u00c4KUH\u201c&#8220; style=&#8220;&#8220; box_color=&#8220;&#8220; title_color=&#8220;&#8220; radius=&#8220;10&#8243; class=&#8220;titel&#8220; id=&#8220;&#8220;] Kommen Sie, staunen Sie: die \u201eM\u00e4\u00e4kuh\u201c \u2013 High Tech von 1900 \u2013 in mini! Die Sonderschau in der Aschaffenburger \u201eM\u00e4\u00e4kuh-Passage Erbsengasse 11\u201c und diese Internet-Botschaft hier haben ein klares Ziel: Beide wollen Sie anlocken und&#8230;<\/p>\n<p class=\"continue-reading-button\"> <a class=\"continue-reading-link\" href=\"https:\/\/kettenschiff-aschaffenburg.de\/cms\/maeaekuh-passage\/\">weiter lesen<i class=\"crycon-right-dir\"><\/i><\/a><\/p>\n","protected":false},"author":1,"featured_media":0,"parent":0,"menu_order":0,"comment_status":"closed","ping_status":"closed","template":"","meta":{"footnotes":""},"class_list":["post-226","page","type-page","status-publish","hentry"],"_links":{"self":[{"href":"https:\/\/kettenschiff-aschaffenburg.de\/cms\/wp-json\/wp\/v2\/pages\/226","targetHints":{"allow":["GET"]}}],"collection":[{"href":"https:\/\/kettenschiff-aschaffenburg.de\/cms\/wp-json\/wp\/v2\/pages"}],"about":[{"href":"https:\/\/kettenschiff-aschaffenburg.de\/cms\/wp-json\/wp\/v2\/types\/page"}],"author":[{"embeddable":true,"href":"https:\/\/kettenschiff-aschaffenburg.de\/cms\/wp-json\/wp\/v2\/users\/1"}],"replies":[{"embeddable":true,"href":"https:\/\/kettenschiff-aschaffenburg.de\/cms\/wp-json\/wp\/v2\/comments?post=226"}],"version-history":[{"count":10,"href":"https:\/\/kettenschiff-aschaffenburg.de\/cms\/wp-json\/wp\/v2\/pages\/226\/revisions"}],"predecessor-version":[{"id":294,"href":"https:\/\/kettenschiff-aschaffenburg.de\/cms\/wp-json\/wp\/v2\/pages\/226\/revisions\/294"}],"wp:attachment":[{"href":"https:\/\/kettenschiff-aschaffenburg.de\/cms\/wp-json\/wp\/v2\/media?parent=226"}],"curies":[{"name":"wp","href":"https:\/\/api.w.org\/{rel}","templated":true}]}}