{"id":1100,"date":"2024-11-01T14:45:22","date_gmt":"2024-11-01T13:45:22","guid":{"rendered":"https:\/\/kettenschiff-aschaffenburg.de\/cms\/?page_id=1100"},"modified":"2026-02-09T20:39:56","modified_gmt":"2026-02-09T19:39:56","slug":"modell-5-konstruktionszeichnung-als-modell","status":"publish","type":"page","link":"https:\/\/kettenschiff-aschaffenburg.de\/cms\/schiffsmodelle\/modell-5-konstruktionszeichnung-als-modell\/","title":{"rendered":"Modell 5: Konstruktionszeichnung als Modell"},"content":{"rendered":"<p>Als letzten \u00dcbergang von dem ausrangierten Kettendampfer und seiner Umnutzung zun\u00e4chst als Bade- und Bootsanstalt, dann zur Gastst\u00e4tte so wie die Aschaffenburger sie kannten mit ihrem Betrieb bis ca. 2008, dient ein Kartonmodell, dass den Unterbau der \u201eM\u00e4\u00e4kuh-Gastst\u00e4tte\u201c darstellt \u2013 so wie die Aschaffenburger kaum jemals sahen. Der baracken\u00e4hnliche Holzaufbau (zum Schluss von in einer falschen 2-Schornstein-Version hintereinander ! ) fehlt, denn mit dem darunter befindlichen Originalschiff hatte er rein gar nichts zu tun, wenn man mal von der leicht gekr\u00fcmmten Urform absieht. Inzwischen liegt der Rumpf auf einem Areal nahe Bick &amp; Letzel , beim alten Wasserwerk und wartet auf seine Renovierung.<br \/>\n<div class=\"su-spacer\" style=\"height:20px\"><\/div>\n<!-- Final Tiles Grid Gallery for WordPress v3.6.13 free --><style>#ftg-99 .tile .icon { color:#ffffff; }#ftg-99 .ftg-items .loading-bar i { background:#666; }#ftg-99 .ftg-items .loading-bar { background:#fff; }#ftg-99 .tile .icon { font-size:12px; }#ftg-99 .tile .icon { margin: -6px 0 0 -6px; }#ftg-99 .tile .caption-block .text-wrapper span.text { font-size:12px; }#ftg-99 .tile .caption-outside .text-wrapper span.text { font-size:12px; }#ftg-99 .tile .caption-block .text-wrapper span.title { font-size:14px; }#ftg-99 .tile .caption-outside .text-wrapper span.title { font-size:14px; }#ftg-99 .tile { background-color: transparent; }#ftg-99 .tile .caption-block .text-wrapper span.text { color: #ffffff; }#ftg-99 .tile .caption-block .text-wrapper span.title { color: #ffffff; }#ftg-99 .tile .caption-outside .text-wrapper span.text { color: #ffffff; }#ftg-99 .tile .caption-outside .text-wrapper span.title { color: #ffffff; }#ftg-99 .tile .ftg-social a { color: #ffffff; }#ftg-99 .tile .caption-block { transition-timing-function:linear; }#ftg-99 .tile .caption-block { transition-duration:0.25s; }#ftg-99 .tile .tile-inner:before { background-color: #000000; }#ftg-99 .tile .tile-inner:before { background-color: rgba(0, 0, 0, 0.8); }<\/style><a name=\"9\"><\/a><div class=\"final-tiles-gallery  ftg-hover-enabled caption-inside  caption-none caption-middle caption-center\" id=\"ftg-99\" style=\"width: 100%\"><div class='ftg-items'><div class='loading-bar'><i><\/i><\/div><\/div><\/div>\n","protected":false},"excerpt":{"rendered":"<p>Als letzten \u00dcbergang von dem ausrangierten Kettendampfer und seiner Umnutzung zun\u00e4chst als Bade- und Bootsanstalt, dann zur Gastst\u00e4tte so wie die Aschaffenburger sie kannten mit ihrem Betrieb bis ca. 2008, dient ein Kartonmodell, dass den Unterbau der \u201eM\u00e4\u00e4kuh-Gastst\u00e4tte\u201c darstellt \u2013 so wie die Aschaffenburger kaum jemals sahen. Der baracken\u00e4hnliche Holzaufbau&#8230;<\/p>\n<p class=\"continue-reading-button\"> <a class=\"continue-reading-link\" href=\"https:\/\/kettenschiff-aschaffenburg.de\/cms\/schiffsmodelle\/modell-5-konstruktionszeichnung-als-modell\/\">weiter lesen<i class=\"crycon-right-dir\"><\/i><\/a><\/p>\n","protected":false},"author":1,"featured_media":862,"parent":500,"menu_order":0,"comment_status":"closed","ping_status":"closed","template":"","meta":{"footnotes":""},"class_list":["post-1100","page","type-page","status-publish","has-post-thumbnail","hentry"],"_links":{"self":[{"href":"https:\/\/kettenschiff-aschaffenburg.de\/cms\/wp-json\/wp\/v2\/pages\/1100","targetHints":{"allow":["GET"]}}],"collection":[{"href":"https:\/\/kettenschiff-aschaffenburg.de\/cms\/wp-json\/wp\/v2\/pages"}],"about":[{"href":"https:\/\/kettenschiff-aschaffenburg.de\/cms\/wp-json\/wp\/v2\/types\/page"}],"author":[{"embeddable":true,"href":"https:\/\/kettenschiff-aschaffenburg.de\/cms\/wp-json\/wp\/v2\/users\/1"}],"replies":[{"embeddable":true,"href":"https:\/\/kettenschiff-aschaffenburg.de\/cms\/wp-json\/wp\/v2\/comments?post=1100"}],"version-history":[{"count":3,"href":"https:\/\/kettenschiff-aschaffenburg.de\/cms\/wp-json\/wp\/v2\/pages\/1100\/revisions"}],"predecessor-version":[{"id":1522,"href":"https:\/\/kettenschiff-aschaffenburg.de\/cms\/wp-json\/wp\/v2\/pages\/1100\/revisions\/1522"}],"up":[{"embeddable":true,"href":"https:\/\/kettenschiff-aschaffenburg.de\/cms\/wp-json\/wp\/v2\/pages\/500"}],"wp:featuredmedia":[{"embeddable":true,"href":"https:\/\/kettenschiff-aschaffenburg.de\/cms\/wp-json\/wp\/v2\/media\/862"}],"wp:attachment":[{"href":"https:\/\/kettenschiff-aschaffenburg.de\/cms\/wp-json\/wp\/v2\/media?parent=1100"}],"curies":[{"name":"wp","href":"https:\/\/api.w.org\/{rel}","templated":true}]}}