{"id":1082,"date":"2024-11-01T14:25:21","date_gmt":"2024-11-01T13:25:21","guid":{"rendered":"https:\/\/kettenschiff-aschaffenburg.de\/cms\/?page_id=1082"},"modified":"2026-02-09T20:37:07","modified_gmt":"2026-02-09T19:37:07","slug":"modell-2-unter-deck","status":"publish","type":"page","link":"https:\/\/kettenschiff-aschaffenburg.de\/cms\/schiffsmodelle\/modell-2-unter-deck\/","title":{"rendered":"Modell 2: Unter Deck"},"content":{"rendered":"<p>Schon zu Beginn des Engagements f\u00fcr die M\u00e4\u00e4kuh hatte der Arbeitskreis die Vorstellung, an mehreren Schiffsmodellen in gro\u00dfem Ma\u00dfstab die verschiedenen Technik-Elemente dieses seltsamen Schiffstyps zur Schau zu stellen. Dazu geh\u00f6rte \u2013 ganz selten gebaut \u2013 ein Modell mit offenem Deck, zum Studieren der verschiedenen R\u00e4ume und der Mechanik im Rumpf. Eduard Hausen (84) \u202013.07.2015, begnadeter Modellbauer aus Faulbach, machte sich an die Arbeit und schuf ein sensationelles \u201eInnenmodell\u201c, bei dem von der Bei\u00dfzange bis zu jedem Sofa-Kissen alles in liebevoller Handarbeit detailliert erstellt wurde. Mit dem Schiff hat sich der inzwischen leider verstorbene Modell-Meister eine ewige Erinnerung geschaffen \u2013 das M\u00e4\u00e4kuh-Team wird ihm immer im Dank verbunden sein.<br \/>\n<div class=\"su-spacer\" style=\"height:20px\"><\/div>\n<!-- Final Tiles Grid Gallery for WordPress v3.6.13 free --><style>#ftg-77 .tile .icon { color:#ffffff; }#ftg-77 .ftg-items .loading-bar i { background:#666; }#ftg-77 .ftg-items .loading-bar { background:#fff; }#ftg-77 .tile .icon { font-size:12px; }#ftg-77 .tile .icon { margin: -6px 0 0 -6px; }#ftg-77 .tile .caption-block .text-wrapper span.text { font-size:12px; }#ftg-77 .tile .caption-outside .text-wrapper span.text { font-size:12px; }#ftg-77 .tile .caption-block .text-wrapper span.title { font-size:14px; }#ftg-77 .tile .caption-outside .text-wrapper span.title { font-size:14px; }#ftg-77 .tile { background-color: transparent; }#ftg-77 .tile .caption-block .text-wrapper span.text { color: #ffffff; }#ftg-77 .tile .caption-block .text-wrapper span.title { color: #ffffff; }#ftg-77 .tile .caption-outside .text-wrapper span.text { color: #ffffff; }#ftg-77 .tile .caption-outside .text-wrapper span.title { color: #ffffff; }#ftg-77 .tile .ftg-social a { color: #ffffff; }#ftg-77 .tile .caption-block { transition-duration:0.25s; }#ftg-77 .tile .tile-inner:before { background-color: #000000; }#ftg-77 .tile .tile-inner:before { background-color: rgba(0, 0, 0, 0.8); }#ftg-77 .tile:hover img {-moz-transform: -moz-rotate(0deg) -moz-scale(0) ;-webkit-transform: -webkit-rotate(0deg) -webkit-scale(0) ;-o-transform: -o-rotate(0deg) -o-scale(0) ;-ms-transform: -ms-rotate(0deg) -ms-scale(0) ;transform: rotate(0deg) scale(0) ;}<\/style><a name=\"7\"><\/a><div class=\"final-tiles-gallery  ftg-hover-enabled caption-inside  caption-none caption-middle caption-center\" id=\"ftg-77\" style=\"width: 100%\"><div class='ftg-items'><div class='loading-bar'><i><\/i><\/div><div  class='tile ftg-preload  '><a title=\"Ein sensationelles \u201eInnenmodell\u201c\" data-lightbox='ftg-77' rel='ftg-77'  class=' tile-inner  ftg-lightbox' href='https:\/\/kettenschiff-aschaffenburg.de\/wp-content\/uploads\/2023\/08\/DSC01670-1024x576.jpg' ><img alt='Ein sensationelles \u201eInnenmodell\u201c' class='item skip-lazy' data-class='item' data-ftg-source='https:\/\/kettenschiff-aschaffenburg.de\/wp-content\/uploads\/2023\/08\/DSC01670-1024x576.jpg' src='https:\/\/kettenschiff-aschaffenburg.de\/wp-content\/uploads\/2023\/08\/DSC01670-1024x576.jpg' width='1024' height='576' \/><div class='caption-block'><div class='text-wrapper'><span class='title'>Ein sensationelles \u201eInnenmodell\u201c<\/span><span class='text'>Foto \u00a9 by H. Paradies<\/span><\/div><\/div><\/a><div class='ftg-social'><\/div><\/div><div  class='tile ftg-preload  '><a title=\"Ein sensationelles \u201eInnenmodell\u201c\" data-lightbox='ftg-77' rel='ftg-77'  class=' tile-inner  ftg-lightbox' href='https:\/\/kettenschiff-aschaffenburg.de\/wp-content\/uploads\/2023\/08\/DSC01669-1024x576.jpg' ><img alt='Ein sensationelles \u201eInnenmodell\u201c' class='item skip-lazy' data-class='item' data-ftg-source='https:\/\/kettenschiff-aschaffenburg.de\/wp-content\/uploads\/2023\/08\/DSC01669-1024x576.jpg' src='https:\/\/kettenschiff-aschaffenburg.de\/wp-content\/uploads\/2023\/08\/DSC01669-1024x576.jpg' width='1024' height='576' \/><div class='caption-block'><div class='text-wrapper'><span class='title'>Ein sensationelles \u201eInnenmodell\u201c<\/span><span class='text'>Foto \u00a9 by H. Paradies<\/span><\/div><\/div><\/a><div class='ftg-social'><\/div><\/div><div  class='tile ftg-preload  '><a title=\"Ein sensationelles \u201eInnenmodell\u201c\" data-lightbox='ftg-77' rel='ftg-77'  class=' tile-inner  ftg-lightbox' href='https:\/\/kettenschiff-aschaffenburg.de\/wp-content\/uploads\/2023\/08\/DSC01667-1024x576.jpg' ><img alt='Ein sensationelles \u201eInnenmodell\u201c' class='item skip-lazy' data-class='item' data-ftg-source='https:\/\/kettenschiff-aschaffenburg.de\/wp-content\/uploads\/2023\/08\/DSC01667-1024x576.jpg' src='https:\/\/kettenschiff-aschaffenburg.de\/wp-content\/uploads\/2023\/08\/DSC01667-1024x576.jpg' width='1024' height='576' \/><div class='caption-block'><div class='text-wrapper'><span class='title'>Ein sensationelles \u201eInnenmodell\u201c<\/span><span class='text'>Foto \u00a9 by H. Paradies<\/span><\/div><\/div><\/a><div class='ftg-social'><\/div><\/div><div  class='tile ftg-preload  '><a title=\"Ein sensationelles \u201eInnenmodell\u201c\" data-lightbox='ftg-77' rel='ftg-77'  class=' tile-inner  ftg-lightbox' href='https:\/\/kettenschiff-aschaffenburg.de\/wp-content\/uploads\/2023\/08\/DSC01657-1024x576.jpg' ><img alt='Ein sensationelles \u201eInnenmodell\u201c' class='item skip-lazy' data-class='item' data-ftg-source='https:\/\/kettenschiff-aschaffenburg.de\/wp-content\/uploads\/2023\/08\/DSC01657-1024x576.jpg' src='https:\/\/kettenschiff-aschaffenburg.de\/wp-content\/uploads\/2023\/08\/DSC01657-1024x576.jpg' width='1024' height='576' \/><div class='caption-block'><div class='text-wrapper'><span class='title'>Ein sensationelles \u201eInnenmodell\u201c<\/span><span class='text'>Foto \u00a9 by H. Paradies<\/span><\/div><\/div><\/a><div class='ftg-social'><\/div><\/div><div  class='tile ftg-preload  '><a title=\"Ein sensationelles \u201eInnenmodell\u201c\" data-lightbox='ftg-77' rel='ftg-77'  class=' tile-inner  ftg-lightbox' href='https:\/\/kettenschiff-aschaffenburg.de\/wp-content\/uploads\/2023\/08\/DSC01658-1024x576.jpg' ><img alt='Ein sensationelles \u201eInnenmodell\u201c' class='item skip-lazy' data-class='item' data-ftg-source='https:\/\/kettenschiff-aschaffenburg.de\/wp-content\/uploads\/2023\/08\/DSC01658-1024x576.jpg' src='https:\/\/kettenschiff-aschaffenburg.de\/wp-content\/uploads\/2023\/08\/DSC01658-1024x576.jpg' width='1024' height='576' \/><div class='caption-block'><div class='text-wrapper'><span class='title'>Ein sensationelles \u201eInnenmodell\u201c<\/span><span class='text'>Foto \u00a9 by H. Paradies<\/span><\/div><\/div><\/a><div class='ftg-social'><\/div><\/div><div  class='tile ftg-preload  '><a title=\"Ein sensationelles \u201eInnenmodell\u201c\" data-lightbox='ftg-77' rel='ftg-77'  class=' tile-inner  ftg-lightbox' href='https:\/\/kettenschiff-aschaffenburg.de\/wp-content\/uploads\/2023\/08\/DSC01659-1024x576.jpg' ><img alt='Ein sensationelles \u201eInnenmodell\u201c' class='item skip-lazy' data-class='item' data-ftg-source='https:\/\/kettenschiff-aschaffenburg.de\/wp-content\/uploads\/2023\/08\/DSC01659-1024x576.jpg' src='https:\/\/kettenschiff-aschaffenburg.de\/wp-content\/uploads\/2023\/08\/DSC01659-1024x576.jpg' width='1024' height='576' \/><div class='caption-block'><div class='text-wrapper'><span class='title'>Ein sensationelles \u201eInnenmodell\u201c<\/span><span class='text'>Foto \u00a9 by H. Paradies<\/span><\/div><\/div><\/a><div class='ftg-social'><\/div><\/div><div  class='tile ftg-preload  '><a title=\"Ein sensationelles \u201eInnenmodell\u201c\" data-lightbox='ftg-77' rel='ftg-77'  class=' tile-inner  ftg-lightbox' href='https:\/\/kettenschiff-aschaffenburg.de\/wp-content\/uploads\/2023\/08\/DSC01660-1024x576.jpg' ><img alt='Ein sensationelles \u201eInnenmodell\u201c' class='item skip-lazy' data-class='item' data-ftg-source='https:\/\/kettenschiff-aschaffenburg.de\/wp-content\/uploads\/2023\/08\/DSC01660-1024x576.jpg' src='https:\/\/kettenschiff-aschaffenburg.de\/wp-content\/uploads\/2023\/08\/DSC01660-1024x576.jpg' width='1024' height='576' \/><div class='caption-block'><div class='text-wrapper'><span class='title'>Ein sensationelles \u201eInnenmodell\u201c<\/span><span class='text'>Foto \u00a9 by H. Paradies<\/span><\/div><\/div><\/a><div class='ftg-social'><\/div><\/div><div  class='tile ftg-preload  '><a title=\"Ein sensationelles \u201eInnenmodell\u201c\" data-lightbox='ftg-77' rel='ftg-77'  class=' tile-inner  ftg-lightbox' href='https:\/\/kettenschiff-aschaffenburg.de\/wp-content\/uploads\/2023\/08\/DSC01663-1024x576.jpg' ><img alt='Ein sensationelles \u201eInnenmodell\u201c' class='item skip-lazy' data-class='item' data-ftg-source='https:\/\/kettenschiff-aschaffenburg.de\/wp-content\/uploads\/2023\/08\/DSC01663-1024x576.jpg' src='https:\/\/kettenschiff-aschaffenburg.de\/wp-content\/uploads\/2023\/08\/DSC01663-1024x576.jpg' width='1024' height='576' \/><div class='caption-block'><div class='text-wrapper'><span class='title'>Ein sensationelles \u201eInnenmodell\u201c<\/span><span class='text'>Foto \u00a9 by H. Paradies<\/span><\/div><\/div><\/a><div class='ftg-social'><\/div><\/div><div  class='tile ftg-preload  '><a title=\"Ein sensationelles \u201eInnenmodell\u201c\" data-lightbox='ftg-77' rel='ftg-77'  class=' tile-inner  ftg-lightbox' href='https:\/\/kettenschiff-aschaffenburg.de\/wp-content\/uploads\/2023\/08\/DSC01664-1024x576.jpg' ><img alt='Ein sensationelles \u201eInnenmodell\u201c' class='item skip-lazy' data-class='item' data-ftg-source='https:\/\/kettenschiff-aschaffenburg.de\/wp-content\/uploads\/2023\/08\/DSC01664-1024x576.jpg' src='https:\/\/kettenschiff-aschaffenburg.de\/wp-content\/uploads\/2023\/08\/DSC01664-1024x576.jpg' width='1024' height='576' \/><div class='caption-block'><div class='text-wrapper'><span class='title'>Ein sensationelles \u201eInnenmodell\u201c<\/span><span class='text'>Foto \u00a9 by H. Paradies<\/span><\/div><\/div><\/a><div class='ftg-social'><\/div><\/div><div  class='tile ftg-preload  '><a title=\"Ein sensationelles \u201eInnenmodell\u201c\" data-lightbox='ftg-77' rel='ftg-77'  class=' tile-inner  ftg-lightbox' href='https:\/\/kettenschiff-aschaffenburg.de\/wp-content\/uploads\/2023\/08\/DSC01665-1024x576.jpg' ><img alt='Ein sensationelles \u201eInnenmodell\u201c' class='item skip-lazy' data-class='item' data-ftg-source='https:\/\/kettenschiff-aschaffenburg.de\/wp-content\/uploads\/2023\/08\/DSC01665-1024x576.jpg' src='https:\/\/kettenschiff-aschaffenburg.de\/wp-content\/uploads\/2023\/08\/DSC01665-1024x576.jpg' width='1024' height='576' \/><div class='caption-block'><div class='text-wrapper'><span class='title'>Ein sensationelles \u201eInnenmodell\u201c<\/span><span class='text'>Foto \u00a9 by H. Paradies<\/span><\/div><\/div><\/a><div class='ftg-social'><\/div><\/div><div  class='tile ftg-preload  '><a title=\"Ein sensationelles \u201eInnenmodell\u201c\" data-lightbox='ftg-77' rel='ftg-77'  class=' tile-inner  ftg-lightbox' href='https:\/\/kettenschiff-aschaffenburg.de\/wp-content\/uploads\/2023\/08\/DSC01666-1024x576.jpg' ><img alt='Ein sensationelles \u201eInnenmodell\u201c' class='item skip-lazy' data-class='item' data-ftg-source='https:\/\/kettenschiff-aschaffenburg.de\/wp-content\/uploads\/2023\/08\/DSC01666-1024x576.jpg' src='https:\/\/kettenschiff-aschaffenburg.de\/wp-content\/uploads\/2023\/08\/DSC01666-1024x576.jpg' width='1024' height='576' \/><div class='caption-block'><div class='text-wrapper'><span class='title'>Ein sensationelles \u201eInnenmodell\u201c<\/span><span class='text'>Foto \u00a9 by H. Paradies<\/span><\/div><\/div><\/a><div class='ftg-social'><\/div><\/div><\/div><\/div>[\/kette_box]\n","protected":false},"excerpt":{"rendered":"<p>Schon zu Beginn des Engagements f\u00fcr die M\u00e4\u00e4kuh hatte der Arbeitskreis die Vorstellung, an mehreren Schiffsmodellen in gro\u00dfem Ma\u00dfstab die verschiedenen Technik-Elemente dieses seltsamen Schiffstyps zur Schau zu stellen. Dazu geh\u00f6rte \u2013 ganz selten gebaut \u2013 ein Modell mit offenem Deck, zum Studieren der verschiedenen R\u00e4ume und der Mechanik im&#8230;<\/p>\n<p class=\"continue-reading-button\"> <a class=\"continue-reading-link\" href=\"https:\/\/kettenschiff-aschaffenburg.de\/cms\/schiffsmodelle\/modell-2-unter-deck\/\">weiter lesen<i class=\"crycon-right-dir\"><\/i><\/a><\/p>\n","protected":false},"author":1,"featured_media":716,"parent":500,"menu_order":0,"comment_status":"closed","ping_status":"closed","template":"","meta":{"footnotes":""},"class_list":["post-1082","page","type-page","status-publish","has-post-thumbnail","hentry"],"_links":{"self":[{"href":"https:\/\/kettenschiff-aschaffenburg.de\/cms\/wp-json\/wp\/v2\/pages\/1082","targetHints":{"allow":["GET"]}}],"collection":[{"href":"https:\/\/kettenschiff-aschaffenburg.de\/cms\/wp-json\/wp\/v2\/pages"}],"about":[{"href":"https:\/\/kettenschiff-aschaffenburg.de\/cms\/wp-json\/wp\/v2\/types\/page"}],"author":[{"embeddable":true,"href":"https:\/\/kettenschiff-aschaffenburg.de\/cms\/wp-json\/wp\/v2\/users\/1"}],"replies":[{"embeddable":true,"href":"https:\/\/kettenschiff-aschaffenburg.de\/cms\/wp-json\/wp\/v2\/comments?post=1082"}],"version-history":[{"count":10,"href":"https:\/\/kettenschiff-aschaffenburg.de\/cms\/wp-json\/wp\/v2\/pages\/1082\/revisions"}],"predecessor-version":[{"id":1519,"href":"https:\/\/kettenschiff-aschaffenburg.de\/cms\/wp-json\/wp\/v2\/pages\/1082\/revisions\/1519"}],"up":[{"embeddable":true,"href":"https:\/\/kettenschiff-aschaffenburg.de\/cms\/wp-json\/wp\/v2\/pages\/500"}],"wp:featuredmedia":[{"embeddable":true,"href":"https:\/\/kettenschiff-aschaffenburg.de\/cms\/wp-json\/wp\/v2\/media\/716"}],"wp:attachment":[{"href":"https:\/\/kettenschiff-aschaffenburg.de\/cms\/wp-json\/wp\/v2\/media?parent=1082"}],"curies":[{"name":"wp","href":"https:\/\/api.w.org\/{rel}","templated":true}]}}