{"id":1079,"date":"2024-11-01T14:23:04","date_gmt":"2024-11-01T13:23:04","guid":{"rendered":"https:\/\/kettenschiff-aschaffenburg.de\/cms\/?page_id=1079"},"modified":"2026-02-09T20:35:11","modified_gmt":"2026-02-09T19:35:11","slug":"modell-1-der-mainkette-dampfer","status":"publish","type":"page","link":"https:\/\/kettenschiff-aschaffenburg.de\/cms\/schiffsmodelle\/modell-1-der-mainkette-dampfer\/","title":{"rendered":"Modell 1: Der \u201eMainkette\u201c-Dampfer"},"content":{"rendered":"<p><img decoding=\"async\" class=\"size-medium wp-image-852 alignleft\" src=\"https:\/\/kettenschiff-aschaffenburg.de\/wp-content\/uploads\/2023\/09\/Kettenschiff_Mainkette_1_bei_Mainz.jpg\" alt=\"\" width=\"50%\" height=\"50%\" \/>Dem Vorg\u00e4nger bei der Einf\u00fchrung der Kettenschifffahrt am Main geb\u00fchrt ein eigenes Modell \u2013 ohne ihn w\u00e4ren die Bayern kaum zur eigenen Kettenschifffahrt gekommen. Bereits 1886 tauchten die 3 in Mainz stationierten Dampfer mit den Namen \u201eMainkette I, II und III\u201c in Aschaffenburg auf. Der markante Unterschied zu unseren \u201eM\u00e4\u00e4k\u00fchen\u201c \u2013 in Hessen \u201eMaak\u00fche\u201c benannt) waren ihr Doppelschornstein und ihr ausschlie\u00dflicher Kettenantrieb \u2013 ohne Kette keine Fahrt! Eine Sensation waren sie bei ihrer Ankunft hier am Schloss schon \u2013 es gab viel Beifall, besonders f\u00fcr die anfangs unglaublich langen Schiffsanh\u00e4nge.<\/p>\n<p style=\"text-align: right;\"><span style=\"font-size: 10pt;\">Foto: Wikipedia.de<\/span><\/p>\n","protected":false},"excerpt":{"rendered":"<p>Dem Vorg\u00e4nger bei der Einf\u00fchrung der Kettenschifffahrt am Main geb\u00fchrt ein eigenes Modell \u2013 ohne ihn w\u00e4ren die Bayern kaum zur eigenen Kettenschifffahrt gekommen. Bereits 1886 tauchten die 3 in Mainz stationierten Dampfer mit den Namen \u201eMainkette I, II und III\u201c in Aschaffenburg auf. Der markante Unterschied zu unseren \u201eM\u00e4\u00e4k\u00fchen\u201c&#8230;<\/p>\n<p class=\"continue-reading-button\"> <a class=\"continue-reading-link\" href=\"https:\/\/kettenschiff-aschaffenburg.de\/cms\/schiffsmodelle\/modell-1-der-mainkette-dampfer\/\">weiter lesen<i class=\"crycon-right-dir\"><\/i><\/a><\/p>\n","protected":false},"author":1,"featured_media":852,"parent":500,"menu_order":0,"comment_status":"closed","ping_status":"closed","template":"","meta":{"footnotes":""},"class_list":["post-1079","page","type-page","status-publish","has-post-thumbnail","hentry"],"_links":{"self":[{"href":"https:\/\/kettenschiff-aschaffenburg.de\/cms\/wp-json\/wp\/v2\/pages\/1079","targetHints":{"allow":["GET"]}}],"collection":[{"href":"https:\/\/kettenschiff-aschaffenburg.de\/cms\/wp-json\/wp\/v2\/pages"}],"about":[{"href":"https:\/\/kettenschiff-aschaffenburg.de\/cms\/wp-json\/wp\/v2\/types\/page"}],"author":[{"embeddable":true,"href":"https:\/\/kettenschiff-aschaffenburg.de\/cms\/wp-json\/wp\/v2\/users\/1"}],"replies":[{"embeddable":true,"href":"https:\/\/kettenschiff-aschaffenburg.de\/cms\/wp-json\/wp\/v2\/comments?post=1079"}],"version-history":[{"count":2,"href":"https:\/\/kettenschiff-aschaffenburg.de\/cms\/wp-json\/wp\/v2\/pages\/1079\/revisions"}],"predecessor-version":[{"id":1518,"href":"https:\/\/kettenschiff-aschaffenburg.de\/cms\/wp-json\/wp\/v2\/pages\/1079\/revisions\/1518"}],"up":[{"embeddable":true,"href":"https:\/\/kettenschiff-aschaffenburg.de\/cms\/wp-json\/wp\/v2\/pages\/500"}],"wp:featuredmedia":[{"embeddable":true,"href":"https:\/\/kettenschiff-aschaffenburg.de\/cms\/wp-json\/wp\/v2\/media\/852"}],"wp:attachment":[{"href":"https:\/\/kettenschiff-aschaffenburg.de\/cms\/wp-json\/wp\/v2\/media?parent=1079"}],"curies":[{"name":"wp","href":"https:\/\/api.w.org\/{rel}","templated":true}]}}